{"id":15,"date":"2013-05-31T11:58:45","date_gmt":"2013-05-31T11:58:45","guid":{"rendered":"http:\/\/impreza.us-themes.net\/pages\/services\/"},"modified":"2018-11-21T02:30:42","modified_gmt":"2018-11-21T08:30:42","slug":"traitements","status":"publish","type":"page","link":"https:\/\/www.behandlungcenter.com\/fr\/traitements\/","title":{"rendered":"Traitements"},"content":{"rendered":"<p>[vc_row][vc_column][vc_row_inner][vc_column_inner width=&#8221;1\/4&#8243;][us_single_image image=&#8221;6282&#8243; size=&#8221;medium&#8221; align=&#8221;center&#8221; onclick=&#8221;custom_link&#8221; link=&#8221;url:%23|title:S%C4%B0GARA%20BIRAKMA%20TEDAV%C4%B0S%C4%B0||&#8221; animate=&#8221;afc&#8221; animate_delay=&#8221;0.2&#8243;][\/vc_column_inner][vc_column_inner width=&#8221;1\/4&#8243;][vc_column_text]<strong>Traitement pour arr\u00eater de fumer<\/strong><\/p>\n<p>Renoncement au tabac, gestion du stress, perte de poids, d\u00e9pendance \u00e0 l&#8217;alcool, g\u00e9rer le stress, renoncement au tabac, traitement de l&#8217;alcoolisme, traitement de la toxicomanie, traitement strict, traitement de l&#8217;alcoolisme, traitement du poids, traitement du tabagisme, centre de traitement,[\/vc_column_text][us_btn text=&#8221;D\u00e9ta\u0131l&#8221; link=&#8221;url:https%3A%2F%2Fwww.behandlungcenter.com%2Ffr%2Ftraitement-pour-arreter-de-fumer%2F|||&#8221;][\/vc_column_inner][vc_column_inner width=&#8221;1\/4&#8243;][us_single_image image=&#8221;6279&#8243; size=&#8221;medium&#8221; align=&#8221;center&#8221; onclick=&#8221;custom_link&#8221; animate=&#8221;afc&#8221; animate_delay=&#8221;0.2&#8243;][\/vc_column_inner][vc_column_inner width=&#8221;1\/4&#8243;][vc_column_text]<strong>Traitement de l&#8217;alcool<\/strong><\/p>\n<p>Renoncement au tabac, gestion du stress, perte de poids, d\u00e9pendance \u00e0 l&#8217;alcool, g\u00e9rer le stress, renoncement au tabac, traitement de l&#8217;alcoolisme, traitement de la toxicomanie, traitement strict, traitement de l&#8217;alcoolisme, traitement du poids, traitement du tabagisme, centre de traitement,[\/vc_column_text][us_btn text=&#8221;D\u00e9ta\u0131l&#8221; link=&#8221;url:https%3A%2F%2Fwww.behandlungcenter.com%2Ffr%2Ftraitement-de-lalcool%2F|||&#8221;][\/vc_column_inner][\/vc_row_inner][vc_row_inner][vc_column_inner][vc_empty_space height=&#8221;80px&#8221;][\/vc_column_inner][\/vc_row_inner][vc_row_inner][vc_column_inner width=&#8221;1\/4&#8243;][us_single_image image=&#8221;6678&#8243; size=&#8221;medium&#8221; align=&#8221;center&#8221; onclick=&#8221;custom_link&#8221; animate=&#8221;afc&#8221; animate_delay=&#8221;0.2&#8243;][\/vc_column_inner][vc_column_inner width=&#8221;1\/4&#8243;][vc_column_text]<strong>Traitement de la toxicomanie<\/strong><\/p>\n<p>Renoncement au tabac, gestion du stress, perte de poids, d\u00e9pendance \u00e0 l&#8217;alcool, g\u00e9rer le stress, renoncement au tabac, traitement de l&#8217;alcoolisme, traitement de la toxicomanie, traitement strict, traitement de l&#8217;alcoolisme, traitement du poids, traitement du tabagisme, centre de traitement,[\/vc_column_text][us_btn text=&#8221;D\u00e9ta\u0131l&#8221; link=&#8221;url:https%3A%2F%2Fwww.behandlungcenter.com%2Ffr%2Ftraitement-de-la-toxicomanie%2F|||&#8221;][\/vc_column_inner][vc_column_inner width=&#8221;1\/4&#8243;][us_single_image image=&#8221;6283&#8243; size=&#8221;medium&#8221; align=&#8221;center&#8221; onclick=&#8221;custom_link&#8221; animate=&#8221;afc&#8221; animate_delay=&#8221;0.2&#8243;][\/vc_column_inner][vc_column_inner width=&#8221;1\/4&#8243;][vc_column_text]<strong>Traitement de stress<\/strong><\/p>\n<p>Renoncement au tabac, gestion du stress, perte de poids, d\u00e9pendance \u00e0 l&#8217;alcool, g\u00e9rer le stress, renoncement au tabac, traitement de l&#8217;alcoolisme, traitement de la toxicomanie, traitement strict, traitement de l&#8217;alcoolisme, traitement du poids, traitement du tabagisme, centre de traitement,[\/vc_column_text][us_btn text=&#8221;D\u00e9ta\u0131l&#8221; link=&#8221;url:https%3A%2F%2Fwww.behandlungcenter.com%2Ffr%2Ftraitement-de-stress%2F|||&#8221;][\/vc_column_inner][\/vc_row_inner][vc_row_inner][vc_column_inner][vc_empty_space height=&#8221;80px&#8221;][\/vc_column_inner][\/vc_row_inner][vc_row_inner][vc_column_inner width=&#8221;1\/4&#8243;][us_single_image image=&#8221;6281&#8243; size=&#8221;medium&#8221; align=&#8221;center&#8221; onclick=&#8221;custom_link&#8221; animate=&#8221;afc&#8221; animate_delay=&#8221;0.2&#8243;][\/vc_column_inner][vc_column_inner width=&#8221;1\/4&#8243;][vc_column_text]<strong>Traitement du poids<\/strong><\/p>\n<p>Renoncement au tabac, gestion du stress, perte de poids, d\u00e9pendance \u00e0 l&#8217;alcool, g\u00e9rer le stress, renoncement au tabac, traitement de l&#8217;alcoolisme, traitement de la toxicomanie, traitement strict, traitement de l&#8217;alcoolisme, traitement du poids, traitement du tabagisme, centre de traitement,[\/vc_column_text][us_btn text=&#8221;D\u00e9ta\u0131l&#8221; link=&#8221;url:https%3A%2F%2Fwww.behandlungcenter.com%2Ffr%2Ftraitement-du-poids%2F|||&#8221;][\/vc_column_inner][vc_column_inner width=&#8221;1\/4&#8243;][us_single_image image=&#8221;6280&#8243; size=&#8221;medium&#8221; align=&#8221;center&#8221; onclick=&#8221;custom_link&#8221; animate=&#8221;afc&#8221; animate_delay=&#8221;0.2&#8243;][\/vc_column_inner][vc_column_inner width=&#8221;1\/4&#8243;][vc_column_text]<strong>Traitement de la d\u00e9pression<\/strong><\/p>\n<p>Renoncement au tabac, gestion du stress, perte de poids, d\u00e9pendance \u00e0 l&#8217;alcool, g\u00e9rer le stress, renoncement au tabac, traitement de l&#8217;alcoolisme, traitement de la toxicomanie, traitement strict, traitement de l&#8217;alcoolisme, traitement du poids, traitement du tabagisme, centre de traitement,[\/vc_column_text][us_btn text=&#8221;D\u00e9ta\u0131l&#8221; link=&#8221;url:https%3A%2F%2Fwww.behandlungcenter.com%2Ffr%2Ftraitement-de-la-depression%2F|||&#8221;][\/vc_column_inner][\/vc_row_inner][\/vc_column][\/vc_row]<\/p>\n","protected":false},"excerpt":{"rendered":"<p>[vc_row][vc_column][vc_row_inner][vc_column_inner width=&#8221;1\/4&#8243;][us_single_image image=&#8221;6282&#8243; size=&#8221;medium&#8221; align=&#8221;center&#8221; onclick=&#8221;custom_link&#8221; link=&#8221;url:%23|title:S%C4%B0GARA%20BIRAKMA%20TEDAV%C4%B0S%C4%B0||&#8221; animate=&#8221;afc&#8221; animate_delay=&#8221;0.2&#8243;][\/vc_column_inner][vc_column_inner width=&#8221;1\/4&#8243;][vc_column_text]Traitement pour arr\u00eater de fumer Renoncement au tabac, gestion du stress, perte de poids, d\u00e9pendance \u00e0 l&#8217;alcool, g\u00e9rer le stress, renoncement au tabac, traitement de l&#8217;alcoolisme, traitement de la toxicomanie, traitement strict, traitement de l&#8217;alcoolisme, traitement du poids, traitement du tabagisme, centre de traitement,[\/vc_column_text][us_btn text=&#8221;D\u00e9ta\u0131l&#8221; link=&#8221;url:https%3A%2F%2Fwww.behandlungcenter.com%2Ffr%2Ftraitement-pour-arreter-de-fumer%2F|||&#8221;][\/vc_column_inner][vc_column_inner &hellip; <a href=\"https:\/\/www.behandlungcenter.com\/fr\/traitements\/\" class=\"more-link\">Continue reading <span class=\"screen-reader-text\">Traitements<\/span><\/a><\/p>\n","protected":false},"author":2,"featured_media":0,"parent":0,"menu_order":0,"comment_status":"closed","ping_status":"closed","template":"","meta":{"footnotes":""},"class_list":["post-15","page","type-page","status-publish","hentry"],"_links":{"self":[{"href":"https:\/\/www.behandlungcenter.com\/fr\/wp-json\/wp\/v2\/pages\/15","targetHints":{"allow":["GET"]}}],"collection":[{"href":"https:\/\/www.behandlungcenter.com\/fr\/wp-json\/wp\/v2\/pages"}],"about":[{"href":"https:\/\/www.behandlungcenter.com\/fr\/wp-json\/wp\/v2\/types\/page"}],"author":[{"embeddable":true,"href":"https:\/\/www.behandlungcenter.com\/fr\/wp-json\/wp\/v2\/users\/2"}],"replies":[{"embeddable":true,"href":"https:\/\/www.behandlungcenter.com\/fr\/wp-json\/wp\/v2\/comments?post=15"}],"version-history":[{"count":10,"href":"https:\/\/www.behandlungcenter.com\/fr\/wp-json\/wp\/v2\/pages\/15\/revisions"}],"predecessor-version":[{"id":6682,"href":"https:\/\/www.behandlungcenter.com\/fr\/wp-json\/wp\/v2\/pages\/15\/revisions\/6682"}],"wp:attachment":[{"href":"https:\/\/www.behandlungcenter.com\/fr\/wp-json\/wp\/v2\/media?parent=15"}],"curies":[{"name":"wp","href":"https:\/\/api.w.org\/{rel}","templated":true}]}}