{"id":6298,"date":"2018-10-23T15:53:45","date_gmt":"2018-10-23T12:53:45","guid":{"rendered":"https:\/\/www.behandlungcenter.com\/fr\/?page_id=6298"},"modified":"2025-08-22T09:56:55","modified_gmt":"2025-08-22T15:56:55","slug":"traitement-pour-arreter-de-fumer","status":"publish","type":"page","link":"https:\/\/www.behandlungcenter.com\/fr\/traitement-pour-arreter-de-fumer\/","title":{"rendered":"Traitement pour arr\u00eater de fumer"},"content":{"rendered":"<h2>Avec ce traitement, vous avez pris une bonne d\u00e9cision.<\/h2>\n<p>C&#8217;est la m\u00e9thode la plus efficace et la plus r\u00e9ussie \u00e0 court terme. Vous remarquerez les changements apr\u00e8s ce traitement. Pour un traitement gratuit, nous sommes toujours disponibles.<\/p>\n<p>Pour les rendez-vous, nous sommes toujours l\u00e0 pour vous. Pour les travailleurs, nous sommes \u00e9galement ouverts le week-end \/ les jours f\u00e9ri\u00e9s.<\/p>\n<p>Le traitement dure 40 min<br \/>\nAbsolument indolore<br \/>\npas de nervosit\u00e9<br \/>\npas d&#8217;agression<br \/>\nplus de d\u00e9pendance<br \/>\nPoids contr\u00f4l\u00e9 sur demande<br \/>\nsans grands temps d&#8217;attente<br \/>\nNous avons 99% de succ\u00e8s<br \/>\nVous en avez marre de fumer? Alors, ne le laissez pas cette fois aux bonnes intentions, mais mettez-les en action.<\/p>\n<p>Ainsi que d&#8217;autres m\u00e9thodes z.b. Seringue, hypnose, Mora, biorezidance, pilules, timbres \u00e0 la nicotine, gomme \u00e0 la nicotine et traitement au laser Scientifiquement non reconnu.<\/p>\n<p>Notre traitement au laser conna\u00eet un grand succ\u00e8s, mais consultez notre page de t\u00e9moins o\u00f9 vous trouverez les d\u00e9clarations et quelques images de nos clients.<\/p>\n<p>Le mot circule: le traitement au laser est le moyen le plus s\u00fbr et le plus s\u00fbr d&#8217;arr\u00eater de fumer. C&#8217;est pourquoi de nombreux fumeurs d\u00e9pendants ont m\u00eame fait un long voyage. Par exemple, de Coblence, Bonn, Cologne, toute la Rh\u00e9nanie et m\u00eame de l\u2019\u00e9tranger.<\/p>\n<p>La liste des t\u00e9moignages de clients satisfaits est ellenlang. Informez-vous sur le site. Avec cette nouvelle m\u00e9thode, m\u00eame ceux qui ont fum\u00e9 5 bo\u00eetes de cigarettes par jour ont cess\u00e9 de fumer. Parce que fumer est vraiment malsain et aussi tr\u00e8s co\u00fbteux: si vous fumez deux cartons par jour, cela repr\u00e9sente plus de 30 000 \u20ac en 20 ans. C&#8217;est suffisant comme acompte pour un condominium.<\/p>\n<p>Il n\u2019a jamais \u00e9t\u00e9 aussi facile de mettre en \u0153uvre le Vorsetz: Arr\u00eatez de fumer. Les statistiques indiquent que les fumeurs meurent 10 ans plus t\u00f4t que les non-fumeurs. De plus, le fait de fumer laisse des traces sur la peau, peut provoquer l\u2019impuissance chez l\u2019homme et la st\u00e9rilit\u00e9 chez la femme.<\/p>\n<h2>Centre de traitement &#8211; une d\u00e9cision saine !!!<\/h2>\n","protected":false},"excerpt":{"rendered":"<p>Avec ce traitement, vous avez pris une bonne d\u00e9cision. C&#8217;est la m\u00e9thode la plus efficace et la plus r\u00e9ussie \u00e0 court terme. Vous remarquerez les changements apr\u00e8s ce traitement. Pour un traitement gratuit, nous sommes toujours disponibles. Pour les rendez-vous, nous sommes toujours l\u00e0 pour vous. Pour les travailleurs, nous sommes \u00e9galement ouverts le week-end &hellip; <a href=\"https:\/\/www.behandlungcenter.com\/fr\/traitement-pour-arreter-de-fumer\/\" class=\"more-link\">Continue reading <span class=\"screen-reader-text\">Traitement pour arr\u00eater de fumer<\/span><\/a><\/p>\n","protected":false},"author":2,"featured_media":0,"parent":0,"menu_order":0,"comment_status":"open","ping_status":"closed","template":"","meta":{"footnotes":""},"class_list":["post-6298","page","type-page","status-publish","hentry"],"_links":{"self":[{"href":"https:\/\/www.behandlungcenter.com\/fr\/wp-json\/wp\/v2\/pages\/6298","targetHints":{"allow":["GET"]}}],"collection":[{"href":"https:\/\/www.behandlungcenter.com\/fr\/wp-json\/wp\/v2\/pages"}],"about":[{"href":"https:\/\/www.behandlungcenter.com\/fr\/wp-json\/wp\/v2\/types\/page"}],"author":[{"embeddable":true,"href":"https:\/\/www.behandlungcenter.com\/fr\/wp-json\/wp\/v2\/users\/2"}],"replies":[{"embeddable":true,"href":"https:\/\/www.behandlungcenter.com\/fr\/wp-json\/wp\/v2\/comments?post=6298"}],"version-history":[{"count":11,"href":"https:\/\/www.behandlungcenter.com\/fr\/wp-json\/wp\/v2\/pages\/6298\/revisions"}],"predecessor-version":[{"id":6849,"href":"https:\/\/www.behandlungcenter.com\/fr\/wp-json\/wp\/v2\/pages\/6298\/revisions\/6849"}],"wp:attachment":[{"href":"https:\/\/www.behandlungcenter.com\/fr\/wp-json\/wp\/v2\/media?parent=6298"}],"curies":[{"name":"wp","href":"https:\/\/api.w.org\/{rel}","templated":true}]}}