{"id":6306,"date":"2018-10-23T16:01:20","date_gmt":"2018-10-23T13:01:20","guid":{"rendered":"https:\/\/www.behandlungcenter.com\/fr\/?page_id=6306"},"modified":"2025-08-22T09:58:06","modified_gmt":"2025-08-22T15:58:06","slug":"traitement-de-lalcool","status":"publish","type":"page","link":"https:\/\/www.behandlungcenter.com\/fr\/traitement-de-lalcool\/","title":{"rendered":"Traitement de l&#8217;alcool"},"content":{"rendered":"<p>Avec ce traitement, vous avez pris une bonne d\u00e9cision.<br \/>\nC&#8217;est la m\u00e9thode la plus efficace et la plus r\u00e9ussie \u00e0 court terme. Vous remarquerez les changements apr\u00e8s ce traitement.<br \/>\nPour les rendez-vous, nous sommes toujours l\u00e0 pour vous. Pour les travailleurs, nous sommes \u00e9galement ouverts le week-end \/ les jours f\u00e9ri\u00e9s.<\/p>\n<p>Le traitement dure 30 \u00e0 45 min.<br \/>\n\u2981 Absolument indolore<br \/>\n\u2981 pas de nervosit\u00e9<br \/>\n\u2981 pas d&#8217;agression<br \/>\n\u2981 plus de d\u00e9pendance<br \/>\nGew Poids contr\u00f4l\u00e9 sur demande<br \/>\n\u2981 sans grands temps d&#8217;attente<\/p>\n<p>Nous avons 99% de succ\u00e8s<br \/>\n\u00cates-vous marre de l&#8217;alcool? Alors, ne le laissez pas cette fois aux bonnes intentions, mais mettez-les en action.<br \/>\nNotre traitement au laser conna\u00eet un grand succ\u00e8s, mais consultez notre page de t\u00e9moins o\u00f9 vous trouverez les d\u00e9clarations et quelques images de nos clients.<\/p>\n<p>Il est clair que notre action est la meilleure et la plus s\u00fbre. C&#8217;est pourquoi de nombreux alcooliques d\u00e9pendants font m\u00eame un long voyage. Par exemple, de toute l&#8217;Allemagne et m\u00eame de l&#8217;\u00e9tranger.<\/p>\n<p>La liste des t\u00e9moignages de clients satisfaits est ellenlang. Informez-vous sur le site. Avec cette nouvelle m\u00e9thode, m\u00eame ceux qui ont arr\u00eat\u00e9 des alcooliques appropri\u00e9s. Parce que l\u2019alcool est vraiment malsain et aussi tr\u00e8s cher: si vous d\u00e9pensez environ 10 \u20ac par jour, l\u2019alcool prive en 10 ans \u00e0 plus de 36 000 \u20ac. C&#8217;est suffisant comme acompte pour un condominium.<\/p>\n<p>Il n&#8217;a jamais \u00e9t\u00e9 aussi facile de mettre en \u0153uvre le Vorsetz: Finissez par l&#8217;alcool. Parce que les statistiques disent que les alcooliques meurent 15 ans plus t\u00f4t. En outre, l&#8217;alcool laisse des traces sur la peau, peut provoquer l&#8217;impuissance chez l&#8217;homme et l&#8217;infertilit\u00e9 chez la femme.<\/p>\n<p>Centre de traitement &#8211; une d\u00e9cision saine !!!<\/p>\n","protected":false},"excerpt":{"rendered":"<p>Avec ce traitement, vous avez pris une bonne d\u00e9cision. C&#8217;est la m\u00e9thode la plus efficace et la plus r\u00e9ussie \u00e0 court terme. Vous remarquerez les changements apr\u00e8s ce traitement. Pour les rendez-vous, nous sommes toujours l\u00e0 pour vous. Pour les travailleurs, nous sommes \u00e9galement ouverts le week-end \/ les jours f\u00e9ri\u00e9s. Le traitement dure 30 &hellip; <a href=\"https:\/\/www.behandlungcenter.com\/fr\/traitement-de-lalcool\/\" class=\"more-link\">Continue reading <span class=\"screen-reader-text\">Traitement de l&#8217;alcool<\/span><\/a><\/p>\n","protected":false},"author":2,"featured_media":0,"parent":0,"menu_order":0,"comment_status":"open","ping_status":"closed","template":"","meta":{"footnotes":""},"class_list":["post-6306","page","type-page","status-publish","hentry"],"_links":{"self":[{"href":"https:\/\/www.behandlungcenter.com\/fr\/wp-json\/wp\/v2\/pages\/6306","targetHints":{"allow":["GET"]}}],"collection":[{"href":"https:\/\/www.behandlungcenter.com\/fr\/wp-json\/wp\/v2\/pages"}],"about":[{"href":"https:\/\/www.behandlungcenter.com\/fr\/wp-json\/wp\/v2\/types\/page"}],"author":[{"embeddable":true,"href":"https:\/\/www.behandlungcenter.com\/fr\/wp-json\/wp\/v2\/users\/2"}],"replies":[{"embeddable":true,"href":"https:\/\/www.behandlungcenter.com\/fr\/wp-json\/wp\/v2\/comments?post=6306"}],"version-history":[{"count":7,"href":"https:\/\/www.behandlungcenter.com\/fr\/wp-json\/wp\/v2\/pages\/6306\/revisions"}],"predecessor-version":[{"id":6850,"href":"https:\/\/www.behandlungcenter.com\/fr\/wp-json\/wp\/v2\/pages\/6306\/revisions\/6850"}],"wp:attachment":[{"href":"https:\/\/www.behandlungcenter.com\/fr\/wp-json\/wp\/v2\/media?parent=6306"}],"curies":[{"name":"wp","href":"https:\/\/api.w.org\/{rel}","templated":true}]}}