{"id":6308,"date":"2018-10-23T16:03:19","date_gmt":"2018-10-23T13:03:19","guid":{"rendered":"https:\/\/www.behandlungcenter.com\/fr\/?page_id=6308"},"modified":"2025-08-22T09:59:05","modified_gmt":"2025-08-22T15:59:05","slug":"traitement-de-la-toxicomanie","status":"publish","type":"page","link":"https:\/\/www.behandlungcenter.com\/fr\/traitement-de-la-toxicomanie\/","title":{"rendered":"Traitement de la toxicomanie"},"content":{"rendered":"<h2>Avec ce traitement, vous avez pris une bonne d\u00e9cision.<\/h2>\n<p>C&#8217;est la m\u00e9thode la plus efficace et la plus r\u00e9ussie \u00e0 court terme. Vous remarquerez les changements apr\u00e8s ce traitement.<br \/>\nPour les rendez-vous, nous sommes toujours l\u00e0 pour vous. Pour les travailleurs, nous sommes \u00e9galement ouverts le week-end \/ les jours f\u00e9ri\u00e9s.<\/p>\n<p>Le traitement dure 30 \u00e0 45 min. (2 \u00e0 5 traitements)<br \/>\n\u2981 Absolument indolore<br \/>\n\u2981 pas de nervosit\u00e9<br \/>\n\u2981 pas d&#8217;agression<br \/>\n\u2981 plus de d\u00e9pendance<br \/>\nGew Poids contr\u00f4l\u00e9 sur demande<br \/>\n\u2981 sans grands temps d&#8217;attente<br \/>\nNous avons 90% de r\u00e9ussite (h\u00e9ro\u00efne)<br \/>\nNous avons 99% de succ\u00e8s (coca\u00efne, Haschich &#8211; u.<\/p>\n<p>\u00cates-vous marre de la drogue? Alors, ne le laissez pas cette fois aux bonnes intentions, mais mettez-les en action.<br \/>\nNotre traitement au laser conna\u00eet un grand succ\u00e8s, mais consultez notre page de t\u00e9moins o\u00f9 vous trouverez les d\u00e9clarations et quelques images de nos clients.<\/p>\n<p>La rumeur veut que notre traitement soit la meilleure et la plus s\u00fbre. C&#8217;est pourquoi de nombreux toxicomanes prennent m\u00eame un long voyage. Par exemple, de toute l&#8217;Allemagne et m\u00eame de l&#8217;\u00e9tranger.<\/p>\n<p>La liste des t\u00e9moignages de clients satisfaits est ellenlang. Informez-vous sur le site. Avec cette nouvelle m\u00e9thode, m\u00eame ceux qui ont cess\u00e9 de prendre le bon toxicomane avec des drogues ont un probl\u00e8me vraiment malsain et tr\u00e8s co\u00fbteux:<\/p>\n<p>Si vous !!!<br \/>\n\u2981 Hachich co\u00fbte au moins 1 gramme par jour. plus de 20 \u20ac par mois plus de 600 \u20ac et dans 10 ans plus de 72 000 \u20ac d\u00e9pens\u00e9s en haschisch<br \/>\n\u2981 L&#8217;h\u00e9ro\u00efne co\u00fbte au moins 1 gramme par jour. Plus de 70 \u20ac rapportent plus de 2100 \u20ac par mois et plus de 252 000 \u20ac en 10 ans<br \/>\n\u2981 La coca\u00efne co\u00fbte au moins 1 gramme par jour. Plus de 120 euros rapportent plus de 3 600 euros par mois et plus de 432 000 euros en 10 ans<br \/>\nDe plus, nous vous lib\u00e9rons de &#8230;<br \/>\nIl n\u2019a jamais \u00e9t\u00e9 aussi facile de mettre en \u0153uvre le Vorsetz: arr\u00eatez de prendre des drogues Parce que la statistique dit que le toxicomane meurt meurt 25 ans plus t\u00f4t. En outre, les drogues laissent des traces sur la peau. Les toxicomanes se font du mal et blessent financi\u00e8rement votre famille.<\/p>\n<p>Apr\u00e8s notre traitement, vous ne devenez pas nerveux, agressif, vous n\u2019avez plus aucune envie et vous n\u2019avez pas de crise.<br \/>\nApr\u00e8s notre traitement, vous profiterez de la vie.<\/p>\n<h2>Centre de traitement &#8211; une d\u00e9cision saine !!!<\/h2>\n","protected":false},"excerpt":{"rendered":"<p>Avec ce traitement, vous avez pris une bonne d\u00e9cision. C&#8217;est la m\u00e9thode la plus efficace et la plus r\u00e9ussie \u00e0 court terme. Vous remarquerez les changements apr\u00e8s ce traitement. Pour les rendez-vous, nous sommes toujours l\u00e0 pour vous. Pour les travailleurs, nous sommes \u00e9galement ouverts le week-end \/ les jours f\u00e9ri\u00e9s. Le traitement dure 30 &hellip; <a href=\"https:\/\/www.behandlungcenter.com\/fr\/traitement-de-la-toxicomanie\/\" class=\"more-link\">Continue reading <span class=\"screen-reader-text\">Traitement de la toxicomanie<\/span><\/a><\/p>\n","protected":false},"author":2,"featured_media":0,"parent":0,"menu_order":0,"comment_status":"open","ping_status":"closed","template":"","meta":{"footnotes":""},"class_list":["post-6308","page","type-page","status-publish","hentry"],"_links":{"self":[{"href":"https:\/\/www.behandlungcenter.com\/fr\/wp-json\/wp\/v2\/pages\/6308","targetHints":{"allow":["GET"]}}],"collection":[{"href":"https:\/\/www.behandlungcenter.com\/fr\/wp-json\/wp\/v2\/pages"}],"about":[{"href":"https:\/\/www.behandlungcenter.com\/fr\/wp-json\/wp\/v2\/types\/page"}],"author":[{"embeddable":true,"href":"https:\/\/www.behandlungcenter.com\/fr\/wp-json\/wp\/v2\/users\/2"}],"replies":[{"embeddable":true,"href":"https:\/\/www.behandlungcenter.com\/fr\/wp-json\/wp\/v2\/comments?post=6308"}],"version-history":[{"count":6,"href":"https:\/\/www.behandlungcenter.com\/fr\/wp-json\/wp\/v2\/pages\/6308\/revisions"}],"predecessor-version":[{"id":6851,"href":"https:\/\/www.behandlungcenter.com\/fr\/wp-json\/wp\/v2\/pages\/6308\/revisions\/6851"}],"wp:attachment":[{"href":"https:\/\/www.behandlungcenter.com\/fr\/wp-json\/wp\/v2\/media?parent=6308"}],"curies":[{"name":"wp","href":"https:\/\/api.w.org\/{rel}","templated":true}]}}