{"id":6312,"date":"2018-10-23T16:08:04","date_gmt":"2018-10-23T13:08:04","guid":{"rendered":"https:\/\/www.behandlungcenter.com\/fr\/?page_id=6312"},"modified":"2025-08-22T10:01:01","modified_gmt":"2025-08-22T16:01:01","slug":"traitement-du-poids","status":"publish","type":"page","link":"https:\/\/www.behandlungcenter.com\/fr\/traitement-du-poids\/","title":{"rendered":"Traitement du poids"},"content":{"rendered":"<p>perte de poids avec cette m\u00e9thode en 2 mois 6-12 KG possible!<\/p>\n<p>Mais le laser offre de nombreux autres avantages:<\/p>\n<p>Absolument indolore<br \/>\nPas de nervosit\u00e9<br \/>\nAucune agression<br \/>\nplus de d\u00e9pendance<br \/>\nSur demande, contr\u00f4le du poids<br \/>\nsans grands temps d&#8217;attente<br \/>\nPourquoi ne pas vivre en bonne sant\u00e9 \u00e0 nouveau? Le meilleur moyen pour votre sant\u00e9!<\/p>\n<p>Fumer est nocif, tout le monde le sait. Quel dommage qu\u2019elle ait \u00e9t\u00e9, l\u2019OMS a maintenant clarifi\u00e9 un certain nombre de choses avec l\u2019analyse la plus compl\u00e8te jamais r\u00e9alis\u00e9e sur les effets du tabagisme. Et il y avait des surprises. Par exemple, non seulement le cancer du poumon, mais aussi celui du foie, du col ut\u00e9rin, du nez et des sinus sont caus\u00e9s par la consommation de tabac. D&#8217;autre part, les cancers du sein et de la prostate ont peu \u00e0 voir avec le vice.<\/p>\n<p>Il a \u00e9galement \u00e9t\u00e9 confirm\u00e9 que le tabagisme passif peut tuer les personnes qui inhalent involontairement la fum\u00e9e de leurs concitoyens, qui pr\u00e9sentent un risque de cancer du poumon jusqu&#8217;\u00e0 20% plus \u00e9lev\u00e9. Et cela devrait vous faire r\u00e9fl\u00e9chir. En Allemagne, les non-fumeurs doivent encore trop souvent tol\u00e9rer la fum\u00e9e toxique: au travail, dans les restaurants, lors d&#8217;\u00e9v\u00e9nements. M\u00eame le train voyage toujours dans des trains o\u00f9 fumeurs et non-fumeurs ne sont pas compl\u00e8tement s\u00e9par\u00e9s.<\/p>\n<p>Les arguments, ce n\u2019est pas si mal, peuvent maintenant r\u00e9futer les donn\u00e9es de l\u2019OMS. Mais ce serait bien si cela entra\u00eenait des cons\u00e9quences: si moins de gens fument ou du moins ceux qui ne le souhaitent pas &#8211; m\u00eame pas passifs.<\/p>\n<p>Vous avez envie d&#8217;arr\u00eater de fumer depuis un certain temps, mais vous repoussez l&#8217;heure, vous craignez peut-\u00eatre de ne pas r\u00e9ussir.<\/p>\n<p>Si c&#8217;est ce qui vous emp\u00eache de dire au revoir \u00e0 la puanteur, le Centre de th\u00e9rapie au laser peut vous aider.<\/p>\n<p>Avec la th\u00e9rapie au laser, la probabilit\u00e9 que vous fassiez le saut et que vous cessez de fumer augmente consid\u00e9rablement.<\/p>\n<p>Arr\u00eater de vouloir est votre d\u00e9cision &#8211; une d\u00e9cision saine et financi\u00e8rement enrichissante &#8211; nous vous soutenons!<\/p>\n<p>Le traitement au laser vous aide \u00e0 arr\u00eater de fumer.<\/p>\n<p>Tr\u00e8s probablement, vous avez commenc\u00e9 \u00e0 fumer sans aucune raison. Vous avez d&#8217;autant plus de raisons d&#8217;arr\u00eater de le faire.<\/p>\n<p>Personne n&#8217;a un besoin inn\u00e9 de fumer.<\/p>\n<p>Avec une motivation appropri\u00e9e, vous pourrez arr\u00eater de fumer.<\/p>\n<p>Apr\u00e8s tout, vous \u00eates ma\u00eetre de votre propre corps. Nous vous aidons avec succ\u00e8s,<\/p>\n<p>se d\u00e9barrasser de votre d\u00e9pendance \u00e0 la nicotine. Des milliers de fumeurs devant vous l&#8217;ont d\u00e9j\u00e0 fait.<\/p>\n<p>Cependant, il est important que vous souhaitiez vraiment vous arr\u00eater.<\/p>\n<p>Vous d\u00e9cidez<\/p>\n<h2>Centre de traitement &#8211; une d\u00e9cision saine !!!<\/h2>\n","protected":false},"excerpt":{"rendered":"<p>perte de poids avec cette m\u00e9thode en 2 mois 6-12 KG possible! Mais le laser offre de nombreux autres avantages: Absolument indolore Pas de nervosit\u00e9 Aucune agression plus de d\u00e9pendance Sur demande, contr\u00f4le du poids sans grands temps d&#8217;attente Pourquoi ne pas vivre en bonne sant\u00e9 \u00e0 nouveau? Le meilleur moyen pour votre sant\u00e9! Fumer &hellip; <a href=\"https:\/\/www.behandlungcenter.com\/fr\/traitement-du-poids\/\" class=\"more-link\">Continue reading <span class=\"screen-reader-text\">Traitement du poids<\/span><\/a><\/p>\n","protected":false},"author":2,"featured_media":0,"parent":0,"menu_order":0,"comment_status":"open","ping_status":"closed","template":"","meta":{"footnotes":""},"class_list":["post-6312","page","type-page","status-publish","hentry"],"_links":{"self":[{"href":"https:\/\/www.behandlungcenter.com\/fr\/wp-json\/wp\/v2\/pages\/6312","targetHints":{"allow":["GET"]}}],"collection":[{"href":"https:\/\/www.behandlungcenter.com\/fr\/wp-json\/wp\/v2\/pages"}],"about":[{"href":"https:\/\/www.behandlungcenter.com\/fr\/wp-json\/wp\/v2\/types\/page"}],"author":[{"embeddable":true,"href":"https:\/\/www.behandlungcenter.com\/fr\/wp-json\/wp\/v2\/users\/2"}],"replies":[{"embeddable":true,"href":"https:\/\/www.behandlungcenter.com\/fr\/wp-json\/wp\/v2\/comments?post=6312"}],"version-history":[{"count":6,"href":"https:\/\/www.behandlungcenter.com\/fr\/wp-json\/wp\/v2\/pages\/6312\/revisions"}],"predecessor-version":[{"id":6853,"href":"https:\/\/www.behandlungcenter.com\/fr\/wp-json\/wp\/v2\/pages\/6312\/revisions\/6853"}],"wp:attachment":[{"href":"https:\/\/www.behandlungcenter.com\/fr\/wp-json\/wp\/v2\/media?parent=6312"}],"curies":[{"name":"wp","href":"https:\/\/api.w.org\/{rel}","templated":true}]}}