{"id":6314,"date":"2018-10-23T16:10:23","date_gmt":"2018-10-23T13:10:23","guid":{"rendered":"https:\/\/www.behandlungcenter.com\/fr\/?page_id=6314"},"modified":"2025-08-22T10:01:46","modified_gmt":"2025-08-22T16:01:46","slug":"traitement-de-la-depression","status":"publish","type":"page","link":"https:\/\/www.behandlungcenter.com\/fr\/traitement-de-la-depression\/","title":{"rendered":"Traitement de la d\u00e9pression"},"content":{"rendered":"<h2>Avec ce traitement, vous avez pris une bonne d\u00e9cision.<\/h2>\n<p>C&#8217;est la m\u00e9thode la plus efficace et la plus r\u00e9ussie \u00e0 court terme. Vous remarquerez les changements apr\u00e8s ce traitement.<br \/>\nPour les rendez-vous, nous sommes toujours l\u00e0 pour vous. Pour les travailleurs, nous sommes \u00e9galement ouverts le week-end \/ les jours f\u00e9ri\u00e9s.<\/p>\n<p>Le traitement dure entre 35 et 40 minutes.<br \/>\nEnviron 4 \u00e0 10 traitements<br \/>\n\u2981 Absolument indolore<br \/>\n\u2981 pas de nervosit\u00e9<br \/>\n\u2981 pas d&#8217;agression<br \/>\n\u2981 sans grands temps d&#8217;attente<\/p>\n<p>Nous avons 99% de succ\u00e8s<br \/>\nVous en avez marre de la d\u00e9pression? Alors, ne le laissez pas cette fois aux bonnes intentions, mais mettez-les en action.<br \/>\nNotre traitement au laser conna\u00eet un grand succ\u00e8s, mais consultez notre page de t\u00e9moins o\u00f9 vous trouverez les d\u00e9clarations et quelques images de nos clients.<\/p>\n<p>La rumeur veut que notre traitement soit la meilleure et la plus s\u00fbre. C&#8217;est pourquoi nos clients viennent de toute l&#8217;Allemagne et m\u00eame de l&#8217;\u00e9tranger.<\/p>\n<h2>Centre de traitement &#8211; une d\u00e9cision saine !!!<\/h2>\n","protected":false},"excerpt":{"rendered":"<p>Avec ce traitement, vous avez pris une bonne d\u00e9cision. C&#8217;est la m\u00e9thode la plus efficace et la plus r\u00e9ussie \u00e0 court terme. Vous remarquerez les changements apr\u00e8s ce traitement. Pour les rendez-vous, nous sommes toujours l\u00e0 pour vous. Pour les travailleurs, nous sommes \u00e9galement ouverts le week-end \/ les jours f\u00e9ri\u00e9s. Le traitement dure entre &hellip; <a href=\"https:\/\/www.behandlungcenter.com\/fr\/traitement-de-la-depression\/\" class=\"more-link\">Continue reading <span class=\"screen-reader-text\">Traitement de la d\u00e9pression<\/span><\/a><\/p>\n","protected":false},"author":2,"featured_media":0,"parent":0,"menu_order":0,"comment_status":"open","ping_status":"closed","template":"","meta":{"footnotes":""},"class_list":["post-6314","page","type-page","status-publish","hentry"],"_links":{"self":[{"href":"https:\/\/www.behandlungcenter.com\/fr\/wp-json\/wp\/v2\/pages\/6314","targetHints":{"allow":["GET"]}}],"collection":[{"href":"https:\/\/www.behandlungcenter.com\/fr\/wp-json\/wp\/v2\/pages"}],"about":[{"href":"https:\/\/www.behandlungcenter.com\/fr\/wp-json\/wp\/v2\/types\/page"}],"author":[{"embeddable":true,"href":"https:\/\/www.behandlungcenter.com\/fr\/wp-json\/wp\/v2\/users\/2"}],"replies":[{"embeddable":true,"href":"https:\/\/www.behandlungcenter.com\/fr\/wp-json\/wp\/v2\/comments?post=6314"}],"version-history":[{"count":7,"href":"https:\/\/www.behandlungcenter.com\/fr\/wp-json\/wp\/v2\/pages\/6314\/revisions"}],"predecessor-version":[{"id":6854,"href":"https:\/\/www.behandlungcenter.com\/fr\/wp-json\/wp\/v2\/pages\/6314\/revisions\/6854"}],"wp:attachment":[{"href":"https:\/\/www.behandlungcenter.com\/fr\/wp-json\/wp\/v2\/media?parent=6314"}],"curies":[{"name":"wp","href":"https:\/\/api.w.org\/{rel}","templated":true}]}}