{"id":6333,"date":"2018-10-23T17:19:09","date_gmt":"2018-10-23T14:19:09","guid":{"rendered":"https:\/\/www.behandlungcenter.com\/fr\/?page_id=6333"},"modified":"2025-08-22T09:49:25","modified_gmt":"2025-08-22T15:49:25","slug":"communication","status":"publish","type":"page","link":"https:\/\/www.behandlungcenter.com\/fr\/communication\/","title":{"rendered":"Communication"},"content":{"rendered":"\t\t<div data-elementor-type=\"wp-page\" data-elementor-id=\"6333\" class=\"elementor elementor-6333\">\n\t\t\t\t\t\t\t\t\t<section class=\"elementor-section elementor-inner-section elementor-element elementor-element-4b0b98e6 elementor-section-boxed elementor-section-height-default elementor-section-height-default\" data-id=\"4b0b98e6\" data-element_type=\"section\">\n\t\t\t\t\t\t<div class=\"elementor-container elementor-column-gap-default\">\n\t\t\t\t\t<div class=\"elementor-column elementor-col-50 elementor-inner-column elementor-element elementor-element-291eb85d\" data-id=\"291eb85d\" data-element_type=\"column\">\n\t\t\t<div class=\"elementor-widget-wrap elementor-element-populated\">\n\t\t\t\t\t\t\t\t<div class=\"elementor-element elementor-element-323bd56b elementor-widget elementor-widget-heading\" data-id=\"323bd56b\" data-element_type=\"widget\" data-widget_type=\"heading.default\">\n\t\t\t\t<div class=\"elementor-widget-container\">\n\t\t\t<style>\/*! elementor - v3.9.2 - 21-12-2022 *\/\n.elementor-heading-title{padding:0;margin:0;line-height:1}.elementor-widget-heading .elementor-heading-title[class*=elementor-size-]>a{color:inherit;font-size:inherit;line-height:inherit}.elementor-widget-heading .elementor-heading-title.elementor-size-small{font-size:15px}.elementor-widget-heading .elementor-heading-title.elementor-size-medium{font-size:19px}.elementor-widget-heading .elementor-heading-title.elementor-size-large{font-size:29px}.elementor-widget-heading .elementor-heading-title.elementor-size-xl{font-size:39px}.elementor-widget-heading .elementor-heading-title.elementor-size-xxl{font-size:59px}<\/style><h2 class=\"elementor-heading-title elementor-size-default\">Communication<\/h2>\t\t<\/div>\n\t\t\t\t<\/div>\n\t\t\t\t<div class=\"elementor-element elementor-element-1a164c26 elementor-button-align-stretch elementor-widget elementor-widget-form\" data-id=\"1a164c26\" data-element_type=\"widget\" data-settings=\"{&quot;step_next_label&quot;:&quot;Next&quot;,&quot;step_previous_label&quot;:&quot;Previous&quot;,&quot;button_width&quot;:&quot;100&quot;,&quot;step_type&quot;:&quot;number_text&quot;,&quot;step_icon_shape&quot;:&quot;circle&quot;}\" data-widget_type=\"form.default\">\n\t\t\t\t<div class=\"elementor-widget-container\">\n\t\t\t<style>\/*! elementor-pro - v3.9.1 - 14-12-2022 *\/\n.elementor-button.elementor-hidden,.elementor-hidden{display:none}.e-form__step{width:100%}.e-form__step:not(.elementor-hidden){display:flex;flex-wrap:wrap}.e-form__buttons{flex-wrap:wrap}.e-form__buttons,.e-form__buttons__wrapper{display:flex}.e-form__indicators{display:flex;justify-content:space-between;align-items:center;flex-wrap:nowrap;font-size:13px;margin-bottom:var(--e-form-steps-indicators-spacing)}.e-form__indicators__indicator{display:flex;flex-direction:column;align-items:center;justify-content:center;flex-basis:0;padding:0 var(--e-form-steps-divider-gap)}.e-form__indicators__indicator__progress{width:100%;position:relative;background-color:var(--e-form-steps-indicator-progress-background-color);border-radius:var(--e-form-steps-indicator-progress-border-radius);overflow:hidden}.e-form__indicators__indicator__progress__meter{width:var(--e-form-steps-indicator-progress-meter-width,0);height:var(--e-form-steps-indicator-progress-height);line-height:var(--e-form-steps-indicator-progress-height);padding-right:15px;border-radius:var(--e-form-steps-indicator-progress-border-radius);background-color:var(--e-form-steps-indicator-progress-color);color:var(--e-form-steps-indicator-progress-meter-color);text-align:right;transition:width .1s linear}.e-form__indicators__indicator:first-child{padding-left:0}.e-form__indicators__indicator:last-child{padding-right:0}.e-form__indicators__indicator--state-inactive{color:var(--e-form-steps-indicator-inactive-primary-color,#c2cbd2)}.e-form__indicators__indicator--state-inactive [class*=indicator--shape-]:not(.e-form__indicators__indicator--shape-none){background-color:var(--e-form-steps-indicator-inactive-secondary-color,#fff)}.e-form__indicators__indicator--state-inactive object,.e-form__indicators__indicator--state-inactive svg{fill:var(--e-form-steps-indicator-inactive-primary-color,#c2cbd2)}.e-form__indicators__indicator--state-active{color:var(--e-form-steps-indicator-active-primary-color,#39b54a);border-color:var(--e-form-steps-indicator-active-secondary-color,#fff)}.e-form__indicators__indicator--state-active [class*=indicator--shape-]:not(.e-form__indicators__indicator--shape-none){background-color:var(--e-form-steps-indicator-active-secondary-color,#fff)}.e-form__indicators__indicator--state-active object,.e-form__indicators__indicator--state-active svg{fill:var(--e-form-steps-indicator-active-primary-color,#39b54a)}.e-form__indicators__indicator--state-completed{color:var(--e-form-steps-indicator-completed-secondary-color,#fff)}.e-form__indicators__indicator--state-completed [class*=indicator--shape-]:not(.e-form__indicators__indicator--shape-none){background-color:var(--e-form-steps-indicator-completed-primary-color,#39b54a)}.e-form__indicators__indicator--state-completed .e-form__indicators__indicator__label{color:var(--e-form-steps-indicator-completed-primary-color,#39b54a)}.e-form__indicators__indicator--state-completed .e-form__indicators__indicator--shape-none{color:var(--e-form-steps-indicator-completed-primary-color,#39b54a);background-color:initial}.e-form__indicators__indicator--state-completed object,.e-form__indicators__indicator--state-completed svg{fill:var(--e-form-steps-indicator-completed-secondary-color,#fff)}.e-form__indicators__indicator__icon{width:var(--e-form-steps-indicator-padding,30px);height:var(--e-form-steps-indicator-padding,30px);font-size:var(--e-form-steps-indicator-icon-size);border-width:1px;border-style:solid;display:flex;justify-content:center;align-items:center;overflow:hidden;margin-bottom:10px}.e-form__indicators__indicator__icon img,.e-form__indicators__indicator__icon object,.e-form__indicators__indicator__icon svg{width:var(--e-form-steps-indicator-icon-size);height:auto}.e-form__indicators__indicator__icon .e-font-icon-svg{height:1em}.e-form__indicators__indicator__number{width:var(--e-form-steps-indicator-padding,30px);height:var(--e-form-steps-indicator-padding,30px);border-width:1px;border-style:solid;display:flex;justify-content:center;align-items:center;margin-bottom:10px}.e-form__indicators__indicator--shape-circle{border-radius:50%}.e-form__indicators__indicator--shape-square{border-radius:0}.e-form__indicators__indicator--shape-rounded{border-radius:5px}.e-form__indicators__indicator--shape-none{border:0}.e-form__indicators__indicator__label{text-align:center}.e-form__indicators__indicator__separator{width:100%;height:var(--e-form-steps-divider-width);background-color:#c2cbd2}.e-form__indicators--type-icon,.e-form__indicators--type-icon_text,.e-form__indicators--type-number,.e-form__indicators--type-number_text{align-items:flex-start}.e-form__indicators--type-icon .e-form__indicators__indicator__separator,.e-form__indicators--type-icon_text .e-form__indicators__indicator__separator,.e-form__indicators--type-number .e-form__indicators__indicator__separator,.e-form__indicators--type-number_text .e-form__indicators__indicator__separator{margin-top:calc(var(--e-form-steps-indicator-padding, 30px) \/ 2 - var(--e-form-steps-divider-width, 1px) \/ 2)}.elementor-field-type-hidden{display:none}.elementor-field-type-html{display:inline-block}.elementor-login .elementor-lost-password,.elementor-login .elementor-remember-me{font-size:.85em}.elementor-field-type-recaptcha_v3 .elementor-field-label{display:none}.elementor-field-type-recaptcha_v3 .grecaptcha-badge{z-index:1}.elementor-button .elementor-form-spinner{order:3}.elementor-form .elementor-button>span{display:flex;justify-content:center;align-items:center}.elementor-form .elementor-button .elementor-button-text{white-space:normal;flex-grow:0}.elementor-form .elementor-button svg{height:auto}.elementor-form .elementor-button .e-font-icon-svg{height:1em}.elementor-select-wrapper .select-caret-down-wrapper{position:absolute;top:50%;transform:translateY(-50%);inset-inline-end:10px;pointer-events:none;font-size:11px}.elementor-select-wrapper .select-caret-down-wrapper svg{display:unset;width:1em;aspect-ratio:unset;fill:currentColor}.elementor-select-wrapper .select-caret-down-wrapper i{font-size:19px;line-height:2}.elementor-select-wrapper.remove-before:before{content:\"\"!important}<\/style>\t\t<form class=\"elementor-form\" method=\"post\" name=\"New Form\">\n\t\t\t<input type=\"hidden\" name=\"post_id\" value=\"6333\"\/>\n\t\t\t<input type=\"hidden\" name=\"form_id\" value=\"1a164c26\"\/>\n\t\t\t<input type=\"hidden\" name=\"referer_title\" value=\"\" \/>\n\n\t\t\t\n\t\t\t<div class=\"elementor-form-fields-wrapper elementor-labels-above\">\n\t\t\t\t\t\t\t\t<div class=\"elementor-field-type-text elementor-field-group elementor-column elementor-field-group-name elementor-col-100\">\n\t\t\t\t\t\t\t\t\t\t\t\t<label for=\"form-field-name\" class=\"elementor-field-label\">\n\t\t\t\t\t\t\t\tVotre Nom\t\t\t\t\t\t\t<\/label>\n\t\t\t\t\t\t\t\t\t\t\t\t\t\t<input size=\"1\" type=\"text\" name=\"form_fields[name]\" id=\"form-field-name\" class=\"elementor-field elementor-size-sm  elementor-field-textual\">\n\t\t\t\t\t\t\t\t\t\t\t<\/div>\n\t\t\t\t\t\t\t\t<div class=\"elementor-field-type-email elementor-field-group elementor-column elementor-field-group-email elementor-col-100 elementor-field-required\">\n\t\t\t\t\t\t\t\t\t\t\t\t<label for=\"form-field-email\" class=\"elementor-field-label\">\n\t\t\t\t\t\t\t\tCourriel\t\t\t\t\t\t\t<\/label>\n\t\t\t\t\t\t\t\t\t\t\t\t\t\t<input size=\"1\" type=\"email\" name=\"form_fields[email]\" id=\"form-field-email\" class=\"elementor-field elementor-size-sm  elementor-field-textual\" required=\"required\" aria-required=\"true\">\n\t\t\t\t\t\t\t\t\t\t\t<\/div>\n\t\t\t\t\t\t\t\t<div class=\"elementor-field-type-tel elementor-field-group elementor-column elementor-field-group-field_66e4c35 elementor-col-100\">\n\t\t\t\t\t\t\t\t\t\t\t\t<label for=\"form-field-field_66e4c35\" class=\"elementor-field-label\">\n\t\t\t\t\t\t\t\tTelephone\t\t\t\t\t\t\t<\/label>\n\t\t\t\t\t\t\t\t<input size=\"1\" type=\"tel\" name=\"form_fields[field_66e4c35]\" id=\"form-field-field_66e4c35\" class=\"elementor-field elementor-size-sm  elementor-field-textual\" pattern=\"[0-9()#&amp;+*-=.]+\" title=\"Only numbers and phone characters (#, -, *, etc) are accepted.\">\n\n\t\t\t\t\t\t<\/div>\n\t\t\t\t\t\t\t\t<div class=\"elementor-field-type-textarea elementor-field-group elementor-column elementor-field-group-message elementor-col-100\">\n\t\t\t\t\t\t\t\t\t\t\t\t<label for=\"form-field-message\" class=\"elementor-field-label\">\n\t\t\t\t\t\t\t\tVotre Message\t\t\t\t\t\t\t<\/label>\n\t\t\t\t\t\t<textarea class=\"elementor-field-textual elementor-field  elementor-size-sm\" name=\"form_fields[message]\" id=\"form-field-message\" rows=\"4\"><\/textarea>\t\t\t\t<\/div>\n\t\t\t\t\t\t\t\t<div class=\"elementor-field-group elementor-column elementor-field-type-submit elementor-col-100 e-form__buttons\">\n\t\t\t\t\t<button type=\"submit\" class=\"elementor-button elementor-size-sm\">\n\t\t\t\t\t\t<span >\n\t\t\t\t\t\t\t\t\t\t\t\t\t\t\t<span class=\" elementor-button-icon\">\n\t\t\t\t\t\t\t\t\t\t\t\t\t\t\t\t\t\t\t\t\t\t\t\t\t\t<\/span>\n\t\t\t\t\t\t\t\t\t\t\t\t\t\t\t\t\t\t\t\t\t\t<span class=\"elementor-button-text\">Envoyer<\/span>\n\t\t\t\t\t\t\t\t\t\t\t\t\t<\/span>\n\t\t\t\t\t<\/button>\n\t\t\t\t<\/div>\n\t\t\t<\/div>\n\t\t<\/form>\n\t\t\t\t<\/div>\n\t\t\t\t<\/div>\n\t\t\t\t\t<\/div>\n\t\t<\/div>\n\t\t\t\t<div class=\"elementor-column elementor-col-50 elementor-inner-column elementor-element elementor-element-928f970\" data-id=\"928f970\" data-element_type=\"column\">\n\t\t\t<div class=\"elementor-widget-wrap elementor-element-populated\">\n\t\t\t\t\t\t\t\t<div class=\"elementor-element elementor-element-2753a98 elementor-widget elementor-widget-text-editor\" data-id=\"2753a98\" data-element_type=\"widget\" data-widget_type=\"text-editor.default\">\n\t\t\t\t<div class=\"elementor-widget-container\">\n\t\t\t<style>\/*! elementor - v3.9.2 - 21-12-2022 *\/\n.elementor-widget-text-editor.elementor-drop-cap-view-stacked .elementor-drop-cap{background-color:#818a91;color:#fff}.elementor-widget-text-editor.elementor-drop-cap-view-framed .elementor-drop-cap{color:#818a91;border:3px solid;background-color:transparent}.elementor-widget-text-editor:not(.elementor-drop-cap-view-default) .elementor-drop-cap{margin-top:8px}.elementor-widget-text-editor:not(.elementor-drop-cap-view-default) .elementor-drop-cap-letter{width:1em;height:1em}.elementor-widget-text-editor .elementor-drop-cap{float:left;text-align:center;line-height:1;font-size:50px}.elementor-widget-text-editor .elementor-drop-cap-letter{display:inline-block}<\/style>\t\t\t\t<div class=\"elementor-element elementor-element-62c59939 elementor-widget elementor-widget-text-editor\" data-id=\"62c59939\" data-element_type=\"widget\" data-widget_type=\"text-editor.default\"><div class=\"elementor-widget-container\"><p>Laser Therapie \u2013 Behandlung Center Pingsdorfer Str. 73 50321 Br\u00fchl<\/p><\/div><\/div><div class=\"elementor-element elementor-element-3df7bae6 elementor-widget elementor-widget-text-editor\" data-id=\"3df7bae6\" data-element_type=\"widget\" data-widget_type=\"text-editor.default\"><div class=\"elementor-widget-container\"><p>Whatsapp: 0049 172 5858 599<\/p><p>Telephone: 0049 2232 155 444<\/p><\/div><\/div><div class=\"elementor-element elementor-element-42fc6d8b elementor-widget elementor-widget-text-editor\" data-id=\"42fc6d8b\" data-element_type=\"widget\" data-widget_type=\"text-editor.default\"><div class=\"elementor-widget-container\"><p>Courriel: sedat-c@hotmail.de<\/p><\/div><\/div>\t\t\t\t\t\t<\/div>\n\t\t\t\t<\/div>\n\t\t\t\t\t<\/div>\n\t\t<\/div>\n\t\t\t\t\t\t\t<\/div>\n\t\t<\/section>\n\t\t\t\t<section class=\"elementor-section elementor-top-section elementor-element elementor-element-3ac77204 elementor-section-boxed elementor-section-height-default elementor-section-height-default\" data-id=\"3ac77204\" data-element_type=\"section\">\n\t\t\t\t\t\t<div class=\"elementor-container elementor-column-gap-default\">\n\t\t\t\t\t<div class=\"elementor-column elementor-col-100 elementor-top-column elementor-element elementor-element-4ee21d55\" data-id=\"4ee21d55\" data-element_type=\"column\">\n\t\t\t<div class=\"elementor-widget-wrap elementor-element-populated\">\n\t\t\t\t\t\t\t\t<div class=\"elementor-element elementor-element-8b49551 elementor-widget elementor-widget-text-editor\" data-id=\"8b49551\" data-element_type=\"widget\" data-widget_type=\"text-editor.default\">\n\t\t\t\t<div class=\"elementor-widget-container\">\n\t\t\t\t\t\t\t<h4><strong>Br\u00fchl Behandlung Center<\/strong><\/h4>\n<strong>Br\u00fchl \/ Laser Therapie &#8211; Behandlung Center\u00a0<span data-cke-marker=\"1\">\u00a0<\/span><\/strong>\n\n<strong>Pingsdorfer Str. 73 50321 Br\u00fchl<\/strong>\n\n<strong><span class=\"marker\"><a href=\"https:\/\/www.google.de\/maps\/place\/Pingsdorfer+Str.+73,+50321+Br%C3%BChl\/@50.82185,6.8952113,17z\/data=!3m1!4b1!4m5!3m4!1s0x47bf22911dd6511d:0xc07e1567580ff48a!8m2!3d50.82185!4d6.8974?hl=tr\">Google MAPS<\/a><\/span><\/strong>\n\n&nbsp;\n<div class=\"mb10 mt10 labels\" dir=\"ltr\"><\/div>\n<iframe loading=\"lazy\" style=\"border: 0;\" src=\"https:\/\/www.google.com\/maps\/embed?pb=!1m18!1m12!1m3!1d2520.502803419765!2d6.895211315744888!3d50.821849979528345!2m3!1f0!2f0!3f0!3m2!1i1024!2i768!4f13.1!3m3!1m2!1s0x47bf22911dd6511d%3A0xc07e1567580ff48a!2sPingsdorfer%20Str.%2073%2C%2050321%20Br%C3%BChl%2C%20Almanya!5e0!3m2!1str!2str!4v1574691703549!5m2!1str!2str\" width=\"100%\" height=\"450\" frameborder=\"0\" allowfullscreen=\"allowfullscreen\"><\/iframe>\n\n&nbsp;\n<h4><strong>Stuttgart Behandlung Center<\/strong><\/h4>\n<strong>Stuttgart \/ Laser Therapie &#8211; Behandlung Center<\/strong>\n\n<strong>Kerner Str. 2a, 70182\u00a0Stuttgart<\/strong>\n\n<strong><a href=\"https:\/\/www.google.de\/maps\/place\/Kernerstra%C3%9Fe+2A,+70182+Stuttgart\/@48.7854445,9.1877594,17z\/data=!3m1!4b1!4m5!3m4!1s0x4799c4cd8dac38e1:0x2ae22b24cc41aec!8m2!3d48.7854445!4d9.1899481?hl=tr\">Google MAPS<\/a><\/strong><iframe loading=\"lazy\" style=\"border: 0;\" src=\"https:\/\/www.google.com\/maps\/embed?pb=!1m18!1m12!1m3!1d2628.817453792537!2d9.187712615671783!3d48.78537517928039!2m3!1f0!2f0!3f0!3m2!1i1024!2i768!4f13.1!3m3!1m2!1s0x4799c4cd8dac38e1%3A0x2ae22b24cc41aec!2sKernerstra%C3%9Fe+2A%2C+70182+Stuttgart%2C+Almanya!5e0!3m2!1str!2str!4v1542377525566\" width=\"100%\" height=\"450\" frameborder=\"0\" allowfullscreen=\"allowfullscreen\"><\/iframe>\n\n&nbsp;\n<h4><strong>Frankfurt Behandlung Center<\/strong><\/h4>\n<strong>Frankfurt \/ Laser Therapie &#8211; Behandlung Center<\/strong>\n\n<strong>Alt Griesheim 18, 65933 Frankfurt<\/strong>\n\n<strong><span class=\"marker\"><a href=\"https:\/\/www.google.de\/maps\/place\/Alt-Griesheim+18,+65933+Frankfurt+am+Main\/@50.0906906,8.6051886,17z\/data=!3m1!4b1!4m5!3m4!1s0x47bd0a4aa5b55797:0x7f48cff396bbe0dc!8m2!3d50.0906906!4d8.6073773?hl=tr\">Google MAPS <\/a><\/span><\/strong><iframe loading=\"lazy\" style=\"border: 0;\" src=\"https:\/\/www.google.com\/maps\/embed?pb=!1m18!1m12!1m3!1d2559.7661094738687!2d8.605255615718393!3d50.09066577942724!2m3!1f0!2f0!3f0!3m2!1i1024!2i768!4f13.1!3m3!1m2!1s0x47bd0a4aa5b8a939%3A0x4c2bad7d200ada93!2sAlt-Griesheim+18%2C+65933+Frankfurt+am+Main%2C+Almanya!5e0!3m2!1str!2str!4v1542377242429\" width=\"100%\" height=\"450\" frameborder=\"0\" allowfullscreen=\"allowfullscreen\"><\/iframe>\n<h4><strong>Duisburg Behandlung Center<\/strong><\/h4>\n<strong>Duisburg \/ Laser Therapie &#8211; Behandlung Center<\/strong>\n\n<strong>immendal\u00a0<a href=\"tel:11 47053\">11 47053<\/a>\u00a0Duisburg<\/strong>\n\n<strong><span class=\"marker\"><a href=\"https:\/\/www.google.de\/maps\/place\/51%C2%B025'32.4%22N+6%C2%B045'10.8%22E\/@51.425674,6.7508113,17z\/data=!3m1!4b1!4m14!1m7!3m6!1s0x47b8bf2206920e53:0x73d000bce287de0f!2sImmendal+11,+47053+Duisburg!3b1!8m2!3d51.4256608!4d6.7530004!3m5!1s0x0:0x0!7e2!8m2!3d51.4256742!4d6.7530004\">Google MAPS<\/a><\/span><\/strong><iframe loading=\"lazy\" style=\"border: 0;\" src=\"https:\/\/www.google.com\/maps\/embed?pb=!1m18!1m12!1m3!1d2487.7689925352965!2d6.750811315925837!3d51.425670024496455!2m3!1f0!2f0!3f0!3m2!1i1024!2i768!4f13.1!3m3!1m2!1s0x0%3A0x0!2zNTHCsDI1JzMyLjQiTiA2wrA0NScxMC44IkU!5e0!3m2!1str!2str!4v1542377481854\" width=\"100%\" height=\"450\" frameborder=\"0\" allowfullscreen=\"allowfullscreen\"><\/iframe>\n<h4><strong>London Behandlung Center<\/strong><\/h4>\n<b>London \/ Laser Therapie &#8211; Behandlung Center<\/b>\n\n<b>Hotel Premier lnn\u00a0<\/b>\n\n<b>London Tottenham Halle\u00a0<\/b>\n\n<b>Station, Road,Tottenham N17 9LR<\/b>\n\n<span class=\"marker\"><b><a href=\"https:\/\/www.google.de\/maps\/place\/The+Garden+House\/@51.591455,-0.0719467,17z\/data=!3m1!4b1!4m5!3m4!1s0x48761c2263686d0f:0xf980cce3cdf0b870!8m2!3d51.591455!4d-0.069758?hl=tr\">Google MAPS<\/a><\/b><\/span><iframe loading=\"lazy\" style=\"border: 0;\" src=\"https:\/\/www.google.com\/maps\/embed?pb=!1m18!1m12!1m3!1d2478.7323226387593!2d-0.07190198422694098!3d51.591469079649066!2m3!1f0!2f0!3f0!3m2!1i1024!2i768!4f13.1!3m3!1m2!1s0x48761c2263686d0f%3A0xf980cce3cdf0b870!2sThe+Garden+House+(Kitabevi)!5e0!3m2!1str!2str!4v1542377451934\" width=\"100%\" height=\"450\" frameborder=\"0\" allowfullscreen=\"allowfullscreen\"><\/iframe>\n<h4><strong>M\u00fcnchen Behandlung Center<\/strong><\/h4>\n<h4><strong>Berlin Behandlung Center<\/strong><\/h4>\n<strong>Otel Titanic Chaussee<\/strong>\n\n<strong>Chausseestra\u00dfe 30, 10115 Berlin\u00a0<\/strong>\n\n<strong><a href=\"https:\/\/g.page\/titanic-chaussee-berlin?share\">Google MAPS<\/a><\/strong><iframe loading=\"lazy\" style=\"border: 0;\" src=\"https:\/\/www.google.com\/maps\/embed?pb=!1m18!1m12!1m3!1d2427.0637701077853!2d13.379061615807915!3d52.53228037981657!2m3!1f0!2f0!3f0!3m2!1i1024!2i768!4f13.1!3m3!1m2!1s0x47a851ed2acceff1%3A0x31f7603c9b5ba738!2sTitanic%20Chausse%20Berlin!5e0!3m2!1str!2str!4v1637746029994!5m2!1str!2str\" width=\"100%\" height=\"450\" allowfullscreen=\"allowfullscreen\"><\/iframe>\n<h4><strong>Hamburg Behandlung Center<\/strong><\/h4>\n<h4><strong>Kehl Behandlung Center<\/strong><\/h4>\n<strong>Kehl \/ Laser Therapie &#8211; Behandlung Center<\/strong>\n\n<strong>Strassburger Str. 18, 77694 Kehl<\/strong>\n\n<strong><span class=\"marker\"><a href=\"https:\/\/www.google.de\/maps\/place\/The+Garden+House\/@51.591455,-0.0719467,17z\/data=!3m1!4b1!4m5!3m4!1s0x48761c2263686d0f:0xf980cce3cdf0b870!8m2!3d51.591455!4d-0.069758?hl=tr\">Google MAPS<\/a><\/span><\/strong><iframe loading=\"lazy\" style=\"border: 0;\" src=\"https:\/\/www.google.com\/maps\/embed?pb=!1m18!1m12!1m3!1d2639.772719479164!2d7.806301115318362!3d48.57590172850969!2m3!1f0!2f0!3f0!3m2!1i1024!2i768!4f13.1!3m3!1m2!1s0x4796cf2abb697619%3A0x26bd0057c6a42c57!2sStra%C3%9Fburger+Str.+18%2C+77694+Kehl%2C+Almanya!5e0!3m2!1str!2str!4v1542728174775\" width=\"100%\" height=\"450\" frameborder=\"0\" allowfullscreen=\"allowfullscreen\"><\/iframe>\n<h4><strong>Utrecht Behandlung Center<\/strong><\/h4>\n<h4><strong>Mannheim\u00a0Behandlung Center<\/strong><\/h4>\t\t\t\t\t\t<\/div>\n\t\t\t\t<\/div>\n\t\t\t\t\t<\/div>\n\t\t<\/div>\n\t\t\t\t\t\t\t<\/div>\n\t\t<\/section>\n\t\t\t\t\t\t\t<\/div>\n\t\t","protected":false},"excerpt":{"rendered":"<p>Communication Laser Therapie \u2013 Behandlung Center Pingsdorfer Str. 73 50321 Br\u00fchl Whatsapp: 0049 172 5858 599 Telephone: 0049 2232 155 444 Courriel: sedat-c@hotmail.de Br\u00fchl Behandlung Center Br\u00fchl \/ Laser Therapie &#8211; Behandlung Center\u00a0\u00a0 Pingsdorfer Str. 73 50321 Br\u00fchl Google MAPS &nbsp; &nbsp; Stuttgart Behandlung Center Stuttgart \/ Laser Therapie &#8211; Behandlung Center Kerner Str. 2a, &hellip; <a href=\"https:\/\/www.behandlungcenter.com\/fr\/communication\/\" class=\"more-link\">Continue reading <span class=\"screen-reader-text\">Communication<\/span><\/a><\/p>\n","protected":false},"author":2,"featured_media":0,"parent":0,"menu_order":0,"comment_status":"closed","ping_status":"closed","template":"","meta":{"footnotes":""},"class_list":["post-6333","page","type-page","status-publish","hentry"],"_links":{"self":[{"href":"https:\/\/www.behandlungcenter.com\/fr\/wp-json\/wp\/v2\/pages\/6333","targetHints":{"allow":["GET"]}}],"collection":[{"href":"https:\/\/www.behandlungcenter.com\/fr\/wp-json\/wp\/v2\/pages"}],"about":[{"href":"https:\/\/www.behandlungcenter.com\/fr\/wp-json\/wp\/v2\/types\/page"}],"author":[{"embeddable":true,"href":"https:\/\/www.behandlungcenter.com\/fr\/wp-json\/wp\/v2\/users\/2"}],"replies":[{"embeddable":true,"href":"https:\/\/www.behandlungcenter.com\/fr\/wp-json\/wp\/v2\/comments?post=6333"}],"version-history":[{"count":23,"href":"https:\/\/www.behandlungcenter.com\/fr\/wp-json\/wp\/v2\/pages\/6333\/revisions"}],"predecessor-version":[{"id":6840,"href":"https:\/\/www.behandlungcenter.com\/fr\/wp-json\/wp\/v2\/pages\/6333\/revisions\/6840"}],"wp:attachment":[{"href":"https:\/\/www.behandlungcenter.com\/fr\/wp-json\/wp\/v2\/media?parent=6333"}],"curies":[{"name":"wp","href":"https:\/\/api.w.org\/{rel}","templated":true}]}}