{"id":15,"date":"2013-05-31T11:58:45","date_gmt":"2013-05-31T11:58:45","guid":{"rendered":"http:\/\/impreza.us-themes.net\/pages\/services\/"},"modified":"2025-12-21T09:01:08","modified_gmt":"2025-12-21T15:01:08","slug":"tedaviler","status":"publish","type":"page","link":"https:\/\/www.behandlungcenter.com\/tr\/tedaviler\/","title":{"rendered":"Tedaviler"},"content":{"rendered":"<p style=\"text-align: left;\"><span style=\"color: #000000;\"><b>Raucherentw\u00f6hnung<\/b><\/span><\/p>\n<div class=\"col-sm-7\">\n<p>Raucherentw\u00f6hnung, Stressbew\u00e4ltigung, Gewichtsreduktion, Alkoholabh\u00e4ngigkeit, stresbew\u00e4ltigung,rauchen aufh\u00f6ren, Alkohol Behandlung, Drogen Behandlung, stres behandlung, alkohol behandlung, gewicht behandlung, rauchen behandlung, behandlungcenter,<\/p>\n<\/div>\n<p style=\"text-align: left;\"><span style=\"color: #000000;\"><b>Alkohol Behandlung<\/b><\/span><\/p>\n<div class=\"col-sm-7\">\n<p>Raucherentw\u00f6hnung, Stressbew\u00e4ltigung, Gewichtsreduktion, Alkoholabh\u00e4ngigkeit, stresbew\u00e4ltigung,rauchen aufh\u00f6ren, Alkohol Behandlung, Drogen Behandlung, stres behandlung, alkohol behandlung, gewicht behandlung, rauchen behandlung, behandlungcenter,<\/p>\n<\/div>\n<p style=\"text-align: left;\"><strong>Medikament\u00f6se Behandlung<\/strong><\/p>\n<div class=\"col-sm-7\">\n<p>Raucherentw\u00f6hnung, Stressbew\u00e4ltigung, Gewichtsreduktion, Alkoholabh\u00e4ngigkeit, stresbew\u00e4ltigung,rauchen aufh\u00f6ren, Alkohol Behandlung, Drogen Behandlung, stres behandlung, alkohol behandlung, gewicht behandlung, rauchen behandlung, behandlungcenter<\/p>\n<\/div>\n<p style=\"text-align: left;\"><strong>Stress Behandlung<\/strong><\/p>\n<div class=\"col-sm-7\">\n<p>Raucherentw\u00f6hnung, Stressbew\u00e4ltigung, Gewichtsreduktion, Alkoholabh\u00e4ngigkeit, stresbew\u00e4ltigung,rauchen aufh\u00f6ren, Alkohol Behandlung, Drogen Behandlung, stres behandlung, alkohol behandlung, gewicht behandlung, rauchen behandlung, behandlungcenter,<\/p>\n<\/div>\n<p style=\"text-align: left;\"><strong>Gewichtsreduktion Behandlung<\/strong><\/p>\n<div class=\"col-sm-7\">\n<p>Raucherentw\u00f6hnung, Stressbew\u00e4ltigung, Gewichtsreduktion, Alkoholabh\u00e4ngigkeit, stresbew\u00e4ltigung,rauchen aufh\u00f6ren, Alkohol Behandlung, Drogen Behandlung, stres behandlung, alkohol behandlung, gewicht behandlung, rauchen behandlung, behandlungcenter,<\/p>\n<\/div>\n<p>&nbsp;<\/p>\n<p style=\"text-align: left;\"><strong>Drogen Behandlung<\/strong><\/p>\n<div class=\"col-sm-7\">\n<p>Raucherentw\u00f6hnung, Stressbew\u00e4ltigung, Gewichtsreduktion, Alkoholabh\u00e4ngigkeit, stresbew\u00e4ltigung,rauchen aufh\u00f6ren, Alkohol Behandlung, Drogen Behandlung, stres behandlung, alkohol behandlung, gewicht behandlung, rauchen behandlung, behandlungcenter,<\/p>\n<\/div>\n","protected":false},"excerpt":{"rendered":"<p>Raucherentw\u00f6hnung Raucherentw\u00f6hnung, Stressbew\u00e4ltigung, Gewichtsreduktion, Alkoholabh\u00e4ngigkeit, stresbew\u00e4ltigung,rauchen aufh\u00f6ren, Alkohol Behandlung, Drogen Behandlung, stres behandlung, alkohol behandlung, gewicht behandlung, rauchen behandlung, behandlungcenter, Alkohol Behandlung Raucherentw\u00f6hnung, Stressbew\u00e4ltigung, Gewichtsreduktion, Alkoholabh\u00e4ngigkeit, stresbew\u00e4ltigung,rauchen aufh\u00f6ren, Alkohol Behandlung, Drogen Behandlung, stres behandlung, alkohol behandlung, gewicht behandlung, rauchen behandlung, behandlungcenter, Medikament\u00f6se Behandlung Raucherentw\u00f6hnung, Stressbew\u00e4ltigung, Gewichtsreduktion, Alkoholabh\u00e4ngigkeit, stresbew\u00e4ltigung,rauchen aufh\u00f6ren, Alkohol Behandlung, Drogen Behandlung, stres behandlung, &hellip; <a href=\"https:\/\/www.behandlungcenter.com\/tr\/tedaviler\/\" class=\"more-link\">Continue reading<span class=\"screen-reader-text\"> &#8220;Tedaviler&#8221;<\/span><\/a><\/p>\n","protected":false},"author":2,"featured_media":0,"parent":0,"menu_order":0,"comment_status":"closed","ping_status":"closed","template":"","meta":{"footnotes":""},"class_list":["post-15","page","type-page","status-publish","hentry"],"_links":{"self":[{"href":"https:\/\/www.behandlungcenter.com\/tr\/wp-json\/wp\/v2\/pages\/15","targetHints":{"allow":["GET"]}}],"collection":[{"href":"https:\/\/www.behandlungcenter.com\/tr\/wp-json\/wp\/v2\/pages"}],"about":[{"href":"https:\/\/www.behandlungcenter.com\/tr\/wp-json\/wp\/v2\/types\/page"}],"author":[{"embeddable":true,"href":"https:\/\/www.behandlungcenter.com\/tr\/wp-json\/wp\/v2\/users\/2"}],"replies":[{"embeddable":true,"href":"https:\/\/www.behandlungcenter.com\/tr\/wp-json\/wp\/v2\/comments?post=15"}],"version-history":[{"count":12,"href":"https:\/\/www.behandlungcenter.com\/tr\/wp-json\/wp\/v2\/pages\/15\/revisions"}],"predecessor-version":[{"id":7185,"href":"https:\/\/www.behandlungcenter.com\/tr\/wp-json\/wp\/v2\/pages\/15\/revisions\/7185"}],"wp:attachment":[{"href":"https:\/\/www.behandlungcenter.com\/tr\/wp-json\/wp\/v2\/media?parent=15"}],"curies":[{"name":"wp","href":"https:\/\/api.w.org\/{rel}","templated":true}]}}