{"id":6298,"date":"2018-10-23T15:53:45","date_gmt":"2018-10-23T12:53:45","guid":{"rendered":"https:\/\/www.behandlungcenter.com\/?page_id=6298"},"modified":"2025-08-20T10:29:49","modified_gmt":"2025-08-20T16:29:49","slug":"sigara-tedavisi","status":"publish","type":"page","link":"https:\/\/www.behandlungcenter.com\/tr\/sigara-tedavisi\/","title":{"rendered":"Sigara Tedavisi"},"content":{"rendered":"<p><img loading=\"lazy\" decoding=\"async\" class=\"alignnone size-large wp-image-6209\" src=\"https:\/\/www.behandlungcenter.com\/wp-content\/uploads\/2018\/10\/Slider-1024x399.jpg\" alt=\"\" width=\"840\" height=\"327\" srcset=\"https:\/\/www.behandlungcenter.com\/tr\/wp-content\/uploads\/2018\/10\/Slider-1024x399.jpg 1024w, https:\/\/www.behandlungcenter.com\/tr\/wp-content\/uploads\/2018\/10\/Slider-300x117.jpg 300w, https:\/\/www.behandlungcenter.com\/tr\/wp-content\/uploads\/2018\/10\/Slider-600x234.jpg 600w\" sizes=\"auto, (max-width: 709px) 85vw, (max-width: 909px) 67vw, (max-width: 1362px) 62vw, 840px\" \/><\/p>\n<div>\u00a0<\/div>\n<p class=\"ds-markdown-paragraph\"><strong>Bu tedavi ile harika bir karar verdiniz.<\/strong><\/p>\n<p class=\"ds-markdown-paragraph\">Bu, k\u0131sa vadeli ba\u015far\u0131 i\u00e7in en iyi ve en ba\u015far\u0131l\u0131 y\u00f6ntemdir. Bu tedaviden sonra de\u011fi\u015fimi fark edeceksiniz. \u00dccretsiz bir sonraki tedavi i\u00e7in size her zaman haz\u0131r\u0131z.<\/p>\n<p class=\"ds-markdown-paragraph\">Randevu almak i\u00e7in her zaman yan\u0131n\u0131zday\u0131z, \u00e7al\u0131\u015fanlar i\u00e7in hafta sonlar\u0131 ve resmi tatillerde de a\u00e7\u0131\u011f\u0131z.<\/p>\n<ul>\n<li>\n<p class=\"ds-markdown-paragraph\">Tedavi 40 dakika s\u00fcrer<\/p>\n<\/li>\n<li>\n<p class=\"ds-markdown-paragraph\">Kesinlikle a\u011fr\u0131s\u0131z<\/p>\n<\/li>\n<li>\n<p class=\"ds-markdown-paragraph\">Sinirlilik yok<\/p>\n<\/li>\n<li>\n<p class=\"ds-markdown-paragraph\">Sald\u0131rganl\u0131k yok<\/p>\n<\/li>\n<li>\n<p class=\"ds-markdown-paragraph\">Art\u0131k ba\u011f\u0131ml\u0131l\u0131k yok<\/p>\n<\/li>\n<li>\n<p class=\"ds-markdown-paragraph\">\u0130ste\u011fe ba\u011fl\u0131 kilo kontrol\u00fc<\/p>\n<\/li>\n<li>\n<p class=\"ds-markdown-paragraph\">Uzun bekleme s\u00fcreleri olmadan<\/p>\n<\/li>\n<li>\n<p class=\"ds-markdown-paragraph\">%99 ba\u015far\u0131 oran\u0131m\u0131z var<\/p>\n<\/li>\n<\/ul>\n<p class=\"ds-markdown-paragraph\">Sigara i\u00e7mekten b\u0131kt\u0131n\u0131z m\u0131? \u00d6yleyse bu sefer iyi niyetle yetinmeyin ve harekete ge\u00e7in.<\/p>\n<p class=\"ds-markdown-paragraph\">Di\u011fer y\u00f6ntemler (\u00f6rne\u011fin i\u011fne, hipnoz, Mora, biorezidans, tabletler, nikotin bantlar\u0131, nikotin sak\u0131z\u0131 ve lazer tedavisi) bilimsel olarak tan\u0131nmam\u0131\u015ft\u0131r.<\/p>\n<p class=\"ds-markdown-paragraph\">Ancak bizim lazer tedavimizle \u00e7ok b\u00fcy\u00fck ba\u015far\u0131lar elde ediyoruz. Tan\u0131kl\u0131k sayfam\u0131za bir g\u00f6z at\u0131n, orada m\u00fc\u015fterilerimizin ifadelerini ve baz\u0131 foto\u011fraflar\u0131n\u0131 bulacaks\u0131n\u0131z.<\/p>\n<p class=\"ds-markdown-paragraph\">Herkes bunu konu\u015fuyor: Lazer tedavisi, sigaray\u0131 b\u0131rakmak i\u00e7in en iyi ve en g\u00fcvenli yoldur. Bu y\u00fczden ba\u011f\u0131ml\u0131l\u0131ktan mustarip bir\u00e7ok i\u00e7ici uzun yol kat etmeyi bile g\u00f6ze al\u0131yor. \u00d6rne\u011fin Koblenz, Bonn, K\u00f6ln, t\u00fcm Ren B\u00f6lgesi ve hatta yurtd\u0131\u015f\u0131ndan.<\/p>\n<p class=\"ds-markdown-paragraph\">Memnun m\u00fc\u015fterilerin, olumlu g\u00f6r\u00fc\u015flerin listesi olduk\u00e7a uzun. \u0130nternet sitemizden bilgi alabilirsiniz. Bu yeni y\u00f6ntemle, g\u00fcnde 5 paket sigara i\u00e7enler bile sigaray\u0131 b\u0131rakt\u0131. \u00c7\u00fcnk\u00fc sigara i\u00e7mek ger\u00e7ekten sa\u011fl\u0131ks\u0131z ve ayr\u0131ca \u00e7ok pahal\u0131: G\u00fcnde 2 paket sigara i\u00e7erseniz, bu 20 y\u0131lda 30.000 \u20ac&#8217;yu a\u015far. Bu, bir daire i\u00e7in pe\u015finats\u0131z bir kaparo paras\u0131 kadar yeterlidir.<\/p>\n<p class=\"ds-markdown-paragraph\">&#8220;Art\u0131k yeter, sigaray\u0131 b\u0131rak\u0131yorum&#8221; karar\u0131n\u0131 uygulamak hi\u00e7 bu kadar kolay olmam\u0131\u015ft\u0131. \u00c7\u00fcnk\u00fc istatistiklere g\u00f6re sigara i\u00e7enler, i\u00e7meyenlere g\u00f6re 10 y\u0131l erken \u00f6l\u00fcyor. Ayr\u0131ca sigara i\u00e7mek ciltte izler b\u0131rak\u0131r, erkeklerde iktidars\u0131zl\u0131\u011fa ve kad\u0131nlarda k\u0131s\u0131rl\u0131\u011fa neden olabilir.<\/p>\n<h1 class=\"ds-markdown-paragraph\">TEDAV\u0130 MERKEZ\u0130 &#8211; SA\u011eLIKLI B\u0130R KARAR !!!<\/h1>\n\n\n<p><\/p>\n","protected":false},"excerpt":{"rendered":"<p>\u00a0 Bu tedavi ile harika bir karar verdiniz. Bu, k\u0131sa vadeli ba\u015far\u0131 i\u00e7in en iyi ve en ba\u015far\u0131l\u0131 y\u00f6ntemdir. Bu tedaviden sonra de\u011fi\u015fimi fark edeceksiniz. \u00dccretsiz bir sonraki tedavi i\u00e7in size her zaman haz\u0131r\u0131z. Randevu almak i\u00e7in her zaman yan\u0131n\u0131zday\u0131z, \u00e7al\u0131\u015fanlar i\u00e7in hafta sonlar\u0131 ve resmi tatillerde de a\u00e7\u0131\u011f\u0131z. Tedavi 40 dakika s\u00fcrer Kesinlikle a\u011fr\u0131s\u0131z &hellip; <a href=\"https:\/\/www.behandlungcenter.com\/tr\/sigara-tedavisi\/\" class=\"more-link\">Continue reading<span class=\"screen-reader-text\"> &#8220;Sigara Tedavisi&#8221;<\/span><\/a><\/p>\n","protected":false},"author":2,"featured_media":0,"parent":0,"menu_order":0,"comment_status":"open","ping_status":"closed","template":"","meta":{"footnotes":""},"class_list":["post-6298","page","type-page","status-publish","hentry"],"_links":{"self":[{"href":"https:\/\/www.behandlungcenter.com\/tr\/wp-json\/wp\/v2\/pages\/6298","targetHints":{"allow":["GET"]}}],"collection":[{"href":"https:\/\/www.behandlungcenter.com\/tr\/wp-json\/wp\/v2\/pages"}],"about":[{"href":"https:\/\/www.behandlungcenter.com\/tr\/wp-json\/wp\/v2\/types\/page"}],"author":[{"embeddable":true,"href":"https:\/\/www.behandlungcenter.com\/tr\/wp-json\/wp\/v2\/users\/2"}],"replies":[{"embeddable":true,"href":"https:\/\/www.behandlungcenter.com\/tr\/wp-json\/wp\/v2\/comments?post=6298"}],"version-history":[{"count":16,"href":"https:\/\/www.behandlungcenter.com\/tr\/wp-json\/wp\/v2\/pages\/6298\/revisions"}],"predecessor-version":[{"id":7147,"href":"https:\/\/www.behandlungcenter.com\/tr\/wp-json\/wp\/v2\/pages\/6298\/revisions\/7147"}],"wp:attachment":[{"href":"https:\/\/www.behandlungcenter.com\/tr\/wp-json\/wp\/v2\/media?parent=6298"}],"curies":[{"name":"wp","href":"https:\/\/api.w.org\/{rel}","templated":true}]}}