{"id":6306,"date":"2018-10-23T16:01:20","date_gmt":"2018-10-23T13:01:20","guid":{"rendered":"https:\/\/www.behandlungcenter.com\/?page_id=6306"},"modified":"2025-08-20T11:07:40","modified_gmt":"2025-08-20T17:07:40","slug":"alkol-tedavisi","status":"publish","type":"page","link":"https:\/\/www.behandlungcenter.com\/tr\/alkol-tedavisi\/","title":{"rendered":"Alkol Tedavisi"},"content":{"rendered":"<p><img loading=\"lazy\" decoding=\"async\" class=\"alignnone size-large wp-image-6360\" src=\"https:\/\/www.behandlungcenter.com\/wp-content\/uploads\/2018\/10\/Alkol-Tedavisi-6-1024x320.jpg\" alt=\"\" width=\"840\" height=\"263\" srcset=\"https:\/\/www.behandlungcenter.com\/tr\/wp-content\/uploads\/2018\/10\/Alkol-Tedavisi-6-1024x320.jpg 1024w, https:\/\/www.behandlungcenter.com\/tr\/wp-content\/uploads\/2018\/10\/Alkol-Tedavisi-6-300x94.jpg 300w, https:\/\/www.behandlungcenter.com\/tr\/wp-content\/uploads\/2018\/10\/Alkol-Tedavisi-6-600x188.jpg 600w, https:\/\/www.behandlungcenter.com\/tr\/wp-content\/uploads\/2018\/10\/Alkol-Tedavisi-6.jpg 1920w\" sizes=\"auto, (max-width: 709px) 85vw, (max-width: 909px) 67vw, (max-width: 1362px) 62vw, 840px\" \/><\/p>\n<h1 class=\"ds-markdown-paragraph\"><strong>Bu tedavi ile harika bir karar verdiniz.<\/strong><\/h1>\n<p class=\"ds-markdown-paragraph\"><br \/>Bu, k\u0131sa vadeli ba\u015far\u0131 i\u00e7in en iyi ve en ba\u015far\u0131l\u0131 y\u00f6ntemdir. Bu tedaviden sonra de\u011fi\u015fimi fark edeceksiniz.<br \/>Randevu almak i\u00e7in her zaman yan\u0131n\u0131zday\u0131z, \u00e7al\u0131\u015fanlar i\u00e7in hafta sonlar\u0131 ve resmi tatillerde de a\u00e7\u0131\u011f\u0131z.<\/p>\n<ul>\n<li>\n<p class=\"ds-markdown-paragraph\">Tedavi 30 ila 45 dakika s\u00fcrer.<\/p>\n<\/li>\n<li>\n<p class=\"ds-markdown-paragraph\">Kesinlikle a\u011fr\u0131s\u0131z<\/p>\n<\/li>\n<li>\n<p class=\"ds-markdown-paragraph\">Sinirlilik yok<\/p>\n<\/li>\n<li>\n<p class=\"ds-markdown-paragraph\">Sald\u0131rganl\u0131k yok<\/p>\n<\/li>\n<li>\n<p class=\"ds-markdown-paragraph\">Art\u0131k ba\u011f\u0131ml\u0131l\u0131k yok<\/p>\n<\/li>\n<li>\n<p class=\"ds-markdown-paragraph\">\u0130ste\u011fe ba\u011fl\u0131 kilo kontrol\u00fc<\/p>\n<\/li>\n<li>\n<p class=\"ds-markdown-paragraph\">Uzun bekleme s\u00fcreleri olmadan<\/p>\n<\/li>\n<\/ul>\n<h3 class=\"ds-markdown-paragraph\"><strong>%99 ba\u015far\u0131 oran\u0131m\u0131z var<\/strong><\/h3>\n<p class=\"ds-markdown-paragraph\">Alkollden b\u0131kt\u0131n\u0131z m\u0131? \u00d6yleyse bu sefer iyi niyetle yetinmeyin ve harekete ge\u00e7in.<br \/>Ancak bizim lazer tedavimizle \u00e7ok b\u00fcy\u00fck ba\u015far\u0131lar elde ediyoruz. <a href=\"https:\/\/www.behandlungcenter.com\/tr\/yorumlar\/\">M\u00fc\u015fteri yorumlar\u0131<\/a> sayfam\u0131za bir g\u00f6z at\u0131n, orada m\u00fc\u015fterilerimizin ifadelerini ve baz\u0131 foto\u011fraflar\u0131n\u0131 bulacaks\u0131n\u0131z.<\/p>\n<p class=\"ds-markdown-paragraph\">Herkes bunu konu\u015fuyor: Tedavimiz, alkol ba\u011f\u0131ml\u0131l\u0131\u011f\u0131ndan kurtulmak i\u00e7in en iyi ve en g\u00fcvenli yoldur. Bu y\u00fczden ba\u011f\u0131ml\u0131l\u0131ktan mustarip bir\u00e7ok ki\u015fi uzun yol kat etmeyi bile g\u00f6ze al\u0131yor. \u00d6rne\u011fin Almanya&#8217;n\u0131n her yerinden ve hatta yurtd\u0131\u015f\u0131ndan.<\/p>\n<p class=\"ds-markdown-paragraph\">Memnun m\u00fc\u015fterilerin, olumlu g\u00f6r\u00fc\u015flerin listesi olduk\u00e7a uzun. \u0130nternet sitemizden bilgi alabilirsiniz. Bu yeni y\u00f6ntemle, ger\u00e7ek alkol ba\u011f\u0131ml\u0131lar\u0131 bile b\u0131rakt\u0131. \u00c7\u00fcnk\u00fc alkol ger\u00e7ekten sa\u011fl\u0131ks\u0131z ve ayr\u0131ca \u00e7ok pahal\u0131: G\u00fcnl\u00fck yakla\u015f\u0131k 10 \u20ac alkole harcarsan\u0131z, bu 10 y\u0131lda 36.000 \u20ac&#8217;yu bulur. Bu, bir daire i\u00e7in pe\u015finats\u0131z bir kaparo paras\u0131 kadar yeterlidir.<\/p>\n<p class=\"ds-markdown-paragraph\">&#8220;Art\u0131k yeter, alkole son&#8221; karar\u0131n\u0131 uygulamak hi\u00e7 bu kadar kolay olmam\u0131\u015ft\u0131. \u00c7\u00fcnk\u00fc istatistiklere g\u00f6re alkol ba\u011f\u0131ml\u0131lar\u0131, ba\u011f\u0131ml\u0131 olmayanlara g\u00f6re 15 y\u0131l erken \u00f6l\u00fcyor. Ayr\u0131ca alkol ciltte izler b\u0131rak\u0131r, erkeklerde iktidars\u0131zl\u0131\u011fa ve kad\u0131nlarda k\u0131s\u0131rl\u0131\u011fa neden olabilir.<\/p>\n<h2 class=\"ds-markdown-paragraph\"><strong>TEDAV\u0130 MERKEZ\u0130 &#8211; SA\u011eLIKLI B\u0130R KARAR !!!<\/strong><\/h2>\n\n\n<p><\/p>\n","protected":false},"excerpt":{"rendered":"<p>Bu tedavi ile harika bir karar verdiniz. Bu, k\u0131sa vadeli ba\u015far\u0131 i\u00e7in en iyi ve en ba\u015far\u0131l\u0131 y\u00f6ntemdir. Bu tedaviden sonra de\u011fi\u015fimi fark edeceksiniz.Randevu almak i\u00e7in her zaman yan\u0131n\u0131zday\u0131z, \u00e7al\u0131\u015fanlar i\u00e7in hafta sonlar\u0131 ve resmi tatillerde de a\u00e7\u0131\u011f\u0131z. Tedavi 30 ila 45 dakika s\u00fcrer. Kesinlikle a\u011fr\u0131s\u0131z Sinirlilik yok Sald\u0131rganl\u0131k yok Art\u0131k ba\u011f\u0131ml\u0131l\u0131k yok \u0130ste\u011fe ba\u011fl\u0131 &hellip; <a href=\"https:\/\/www.behandlungcenter.com\/tr\/alkol-tedavisi\/\" class=\"more-link\">Continue reading<span class=\"screen-reader-text\"> &#8220;Alkol Tedavisi&#8221;<\/span><\/a><\/p>\n","protected":false},"author":2,"featured_media":0,"parent":0,"menu_order":0,"comment_status":"open","ping_status":"closed","template":"","meta":{"footnotes":""},"class_list":["post-6306","page","type-page","status-publish","hentry"],"_links":{"self":[{"href":"https:\/\/www.behandlungcenter.com\/tr\/wp-json\/wp\/v2\/pages\/6306","targetHints":{"allow":["GET"]}}],"collection":[{"href":"https:\/\/www.behandlungcenter.com\/tr\/wp-json\/wp\/v2\/pages"}],"about":[{"href":"https:\/\/www.behandlungcenter.com\/tr\/wp-json\/wp\/v2\/types\/page"}],"author":[{"embeddable":true,"href":"https:\/\/www.behandlungcenter.com\/tr\/wp-json\/wp\/v2\/users\/2"}],"replies":[{"embeddable":true,"href":"https:\/\/www.behandlungcenter.com\/tr\/wp-json\/wp\/v2\/comments?post=6306"}],"version-history":[{"count":8,"href":"https:\/\/www.behandlungcenter.com\/tr\/wp-json\/wp\/v2\/pages\/6306\/revisions"}],"predecessor-version":[{"id":7155,"href":"https:\/\/www.behandlungcenter.com\/tr\/wp-json\/wp\/v2\/pages\/6306\/revisions\/7155"}],"wp:attachment":[{"href":"https:\/\/www.behandlungcenter.com\/tr\/wp-json\/wp\/v2\/media?parent=6306"}],"curies":[{"name":"wp","href":"https:\/\/api.w.org\/{rel}","templated":true}]}}