{"id":6308,"date":"2018-10-23T16:03:19","date_gmt":"2018-10-23T13:03:19","guid":{"rendered":"https:\/\/www.behandlungcenter.com\/?page_id=6308"},"modified":"2025-08-20T10:36:33","modified_gmt":"2025-08-20T16:36:33","slug":"ilac-tedavisi","status":"publish","type":"page","link":"https:\/\/www.behandlungcenter.com\/tr\/ilac-tedavisi\/","title":{"rendered":"\u0130la\u00e7 Tedavisi"},"content":{"rendered":"<p class=\"ds-markdown-paragraph\"><strong>Bu tedavi ile harika bir karar verdiniz.<\/strong><br \/>\nBu, k\u0131sa vadeli ba\u015far\u0131 i\u00e7in en iyi ve en ba\u015far\u0131l\u0131 y\u00f6ntemdir. Bu tedaviden sonra de\u011fi\u015fimi fark edeceksiniz.<br \/>\nRandevu almak i\u00e7in her zaman yan\u0131n\u0131zday\u0131z, \u00e7al\u0131\u015fanlar i\u00e7in hafta sonlar\u0131 ve resmi tatillerde de a\u00e7\u0131\u011f\u0131z.<\/p>\n<ul>\n<li>\n<p class=\"ds-markdown-paragraph\"><strong>TEDAV\u0130 30 \u0130LA 45 DAK\u0130KA S\u00dcRER (2 \u0130LA 5 SEANS)<\/strong><\/p>\n<\/li>\n<li>\n<p class=\"ds-markdown-paragraph\"><strong>KES\u0130NL\u0130KLE A\u011eRISIZ<\/strong><\/p>\n<\/li>\n<li>\n<p class=\"ds-markdown-paragraph\"><strong>S\u0130N\u0130RL\u0130L\u0130K YOK<\/strong><\/p>\n<\/li>\n<li>\n<p class=\"ds-markdown-paragraph\"><strong>SALDIRGANLIK YOK<\/strong><\/p>\n<\/li>\n<li>\n<p class=\"ds-markdown-paragraph\"><strong>ARTIK BA\u011eIMLILIK YOK<\/strong><\/p>\n<\/li>\n<li>\n<p class=\"ds-markdown-paragraph\"><strong>\u0130STE\u011eE BA\u011eLI K\u0130LO KONTROL\u00dc<\/strong><\/p>\n<\/li>\n<li>\n<p class=\"ds-markdown-paragraph\"><strong>UZUN BEKLEME S\u00dcRELER\u0130 YOK<\/strong><\/p>\n<\/li>\n<\/ul>\n<p class=\"ds-markdown-paragraph\"><strong>%90 ba\u015far\u0131 oran\u0131m\u0131z var (Eroin)<\/strong><br \/>\n<strong>%99 ba\u015far\u0131 oran\u0131m\u0131z var (Kokain, Esrar, vb.)<\/strong><\/p>\n<p class=\"ds-markdown-paragraph\">Uyu\u015fturucudan b\u0131kt\u0131n\u0131z m\u0131? \u00d6yleyse bu sefer iyi niyetle yetinmeyin ve harekete ge\u00e7in.<br \/>\nLazer tedavimizle \u00e7ok b\u00fcy\u00fck ba\u015far\u0131lar elde ediyoruz. M\u00fc\u015fteri yorumlar\u0131 sayfam\u0131za bir g\u00f6z at\u0131n, orada m\u00fc\u015fterilerimizin ifadelerini ve baz\u0131 foto\u011fraflar\u0131n\u0131 bulacaks\u0131n\u0131z.<\/p>\n<p class=\"ds-markdown-paragraph\">Herkes bunu konu\u015fuyor: Tedavimiz, [ba\u011f\u0131ml\u0131l\u0131ktan kurtulmak] i\u00e7in en iyi ve en g\u00fcvenli yoldur. Bu y\u00fczden ba\u011f\u0131ml\u0131l\u0131ktan mustarip bir\u00e7ok ki\u015fi uzun yol kat etmeyi bile g\u00f6ze al\u0131yor. \u00d6rne\u011fin Almanya&#8217;n\u0131n her yerinden ve hatta yurtd\u0131\u015f\u0131ndan.<\/p>\n<p class=\"ds-markdown-paragraph\">Memnun m\u00fc\u015fterilerin, olumlu g\u00f6r\u00fc\u015flerin listesi olduk\u00e7a uzun. \u0130nternet sitemizden bilgi alabilirsiniz. Bu yeni y\u00f6ntemle, ger\u00e7ek uyu\u015fturucu ba\u011f\u0131ml\u0131lar\u0131 bile b\u0131rakt\u0131. Uyu\u015fturucu ger\u00e7ekten sa\u011fl\u0131ks\u0131z ve ayr\u0131ca \u00e7ok pahal\u0131:<\/p>\n<p class=\"ds-markdown-paragraph\">E\u011fer g\u00fcnde!!!<\/p>\n<ul>\n<li>\n<p class=\"ds-markdown-paragraph\"><strong>ESRAR:<\/strong>\u00a0Minimum g\u00fcnde 1 gr (20 \u20ac&#8217;dan). Ayl\u0131k\u00a0<strong>600 \u20ac<\/strong>\u00a0ve 10 y\u0131lda\u00a0<strong>72.000 \u20ac<\/strong>\u00a0esrara harcan\u0131r.<\/p>\n<\/li>\n<li>\n<p class=\"ds-markdown-paragraph\"><strong>ERO\u0130N:<\/strong>\u00a0Minimum g\u00fcnde 1 gr (70 \u20ac&#8217;dan). Ayl\u0131k\u00a0<strong>2.100 \u20ac<\/strong>\u00a0ve 10 y\u0131lda\u00a0<strong>252.000 \u20ac<\/strong>\u00a0eroine harcan\u0131r.<\/p>\n<\/li>\n<li>\n<p class=\"ds-markdown-paragraph\"><strong>KOKA\u0130N:<\/strong>\u00a0Minimum g\u00fcnde 1 gr (120 \u20ac&#8217;dan). Ayl\u0131k\u00a0<strong>3.600 \u20ac<\/strong>\u00a0ve 10 y\u0131lda\u00a0<strong>432.000 \u20ac<\/strong>\u00a0kokaine harcan\u0131r.<\/p>\n<\/li>\n<\/ul>\n<p class=\"ds-markdown-paragraph\">Ayr\u0131ca sizi &#8230;&#8217;dan kurtar\u0131yoruz.<br \/>\n&#8220;Art\u0131k yeter, uyu\u015fturucuya son&#8221; karar\u0131n\u0131 uygulamak hi\u00e7 bu kadar kolay olmam\u0131\u015ft\u0131. \u00c7\u00fcnk\u00fc istatistiklere g\u00f6re uyu\u015fturucu ba\u011f\u0131ml\u0131lar\u0131 [ba\u011f\u0131ml\u0131 olmayanlara g\u00f6re] 25 y\u0131l erken \u00f6l\u00fcyor. Ayr\u0131ca uyu\u015fturucu ciltte izler b\u0131rak\u0131r. Uyu\u015fturucu ba\u011f\u0131ml\u0131lar\u0131 hem kendilerine hem de ailelerine maddi ve manevi zarar verir.<\/p>\n<p class=\"ds-markdown-paragraph\">Tedavimizden sonra art\u0131k sinirli, agresif olmazs\u0131n\u0131z, hi\u00e7bir istek duymazs\u0131n\u0131z ve kriz ya\u015famazs\u0131n\u0131z.<br \/>\nTedavimizden sonra hayat\u0131n tad\u0131n\u0131 \u00e7\u0131karacaks\u0131n\u0131z.<\/p>\n<p class=\"ds-markdown-paragraph\"><strong>TEDAV\u0130 MERKEZ\u0130 &#8211; SA\u011eLIKLI B\u0130R KARAR !!!<\/strong><\/p>\n","protected":false},"excerpt":{"rendered":"<p>Bu tedavi ile harika bir karar verdiniz. Bu, k\u0131sa vadeli ba\u015far\u0131 i\u00e7in en iyi ve en ba\u015far\u0131l\u0131 y\u00f6ntemdir. Bu tedaviden sonra de\u011fi\u015fimi fark edeceksiniz. Randevu almak i\u00e7in her zaman yan\u0131n\u0131zday\u0131z, \u00e7al\u0131\u015fanlar i\u00e7in hafta sonlar\u0131 ve resmi tatillerde de a\u00e7\u0131\u011f\u0131z. TEDAV\u0130 30 \u0130LA 45 DAK\u0130KA S\u00dcRER (2 \u0130LA 5 SEANS) KES\u0130NL\u0130KLE A\u011eRISIZ S\u0130N\u0130RL\u0130L\u0130K YOK SALDIRGANLIK YOK &hellip; <a href=\"https:\/\/www.behandlungcenter.com\/tr\/ilac-tedavisi\/\" class=\"more-link\">Continue reading<span class=\"screen-reader-text\"> &#8220;\u0130la\u00e7 Tedavisi&#8221;<\/span><\/a><\/p>\n","protected":false},"author":2,"featured_media":0,"parent":0,"menu_order":0,"comment_status":"open","ping_status":"closed","template":"","meta":{"footnotes":""},"class_list":["post-6308","page","type-page","status-publish","hentry"],"_links":{"self":[{"href":"https:\/\/www.behandlungcenter.com\/tr\/wp-json\/wp\/v2\/pages\/6308","targetHints":{"allow":["GET"]}}],"collection":[{"href":"https:\/\/www.behandlungcenter.com\/tr\/wp-json\/wp\/v2\/pages"}],"about":[{"href":"https:\/\/www.behandlungcenter.com\/tr\/wp-json\/wp\/v2\/types\/page"}],"author":[{"embeddable":true,"href":"https:\/\/www.behandlungcenter.com\/tr\/wp-json\/wp\/v2\/users\/2"}],"replies":[{"embeddable":true,"href":"https:\/\/www.behandlungcenter.com\/tr\/wp-json\/wp\/v2\/comments?post=6308"}],"version-history":[{"count":7,"href":"https:\/\/www.behandlungcenter.com\/tr\/wp-json\/wp\/v2\/pages\/6308\/revisions"}],"predecessor-version":[{"id":7150,"href":"https:\/\/www.behandlungcenter.com\/tr\/wp-json\/wp\/v2\/pages\/6308\/revisions\/7150"}],"wp:attachment":[{"href":"https:\/\/www.behandlungcenter.com\/tr\/wp-json\/wp\/v2\/media?parent=6308"}],"curies":[{"name":"wp","href":"https:\/\/api.w.org\/{rel}","templated":true}]}}