{"id":6310,"date":"2018-10-23T16:05:25","date_gmt":"2018-10-23T13:05:25","guid":{"rendered":"https:\/\/www.behandlungcenter.com\/?page_id=6310"},"modified":"2025-08-20T10:39:20","modified_gmt":"2025-08-20T16:39:20","slug":"stres-tedavisi","status":"publish","type":"page","link":"https:\/\/www.behandlungcenter.com\/tr\/stres-tedavisi\/","title":{"rendered":"Stres Tedavisi"},"content":{"rendered":"<p><img loading=\"lazy\" decoding=\"async\" class=\"alignnone size-large wp-image-6377\" src=\"https:\/\/www.behandlungcenter.com\/tr\/wp-content\/uploads\/2018\/10\/Stres-Tedavisi-3-1024x320.jpg\" alt=\"\" width=\"840\" height=\"263\" srcset=\"https:\/\/www.behandlungcenter.com\/tr\/wp-content\/uploads\/2018\/10\/Stres-Tedavisi-3-1024x320.jpg 1024w, https:\/\/www.behandlungcenter.com\/tr\/wp-content\/uploads\/2018\/10\/Stres-Tedavisi-3-300x94.jpg 300w, https:\/\/www.behandlungcenter.com\/tr\/wp-content\/uploads\/2018\/10\/Stres-Tedavisi-3-600x188.jpg 600w, https:\/\/www.behandlungcenter.com\/tr\/wp-content\/uploads\/2018\/10\/Stres-Tedavisi-3.jpg 1920w\" sizes=\"auto, (max-width: 709px) 85vw, (max-width: 909px) 67vw, (max-width: 1362px) 62vw, 840px\" \/><\/p>\n<p class=\"ds-markdown-paragraph\"><strong>Bu tedavi ile harika bir karar verdiniz.<\/strong><br \/>\nBu, k\u0131sa vadeli ba\u015far\u0131 i\u00e7in en iyi ve en ba\u015far\u0131l\u0131 y\u00f6ntemdir. Bu tedaviden sonra de\u011fi\u015fimi fark edeceksiniz.<br \/>\nRandevu almak i\u00e7in her zaman yan\u0131n\u0131zday\u0131z, \u00e7al\u0131\u015fanlar i\u00e7in hafta sonlar\u0131 ve resmi tatillerde de a\u00e7\u0131\u011f\u0131z.<\/p>\n<ul>\n<li>\n<p class=\"ds-markdown-paragraph\"><strong>Tedavi yakla\u015f\u0131k 15 ila 30 dakika s\u00fcrer.<\/strong><\/p>\n<\/li>\n<li>\n<p class=\"ds-markdown-paragraph\"><strong>Kesinlikle a\u011fr\u0131s\u0131z<\/strong><\/p>\n<\/li>\n<li>\n<p class=\"ds-markdown-paragraph\"><strong>Sinirlilik yok<\/strong><\/p>\n<\/li>\n<li>\n<p class=\"ds-markdown-paragraph\"><strong>Sald\u0131rganl\u0131k yok<\/strong><\/p>\n<\/li>\n<li>\n<p class=\"ds-markdown-paragraph\"><strong>Uzun bekleme s\u00fcreleri yok<\/strong><\/p>\n<\/li>\n<\/ul>\n<p class=\"ds-markdown-paragraph\"><strong>%99 ba\u015far\u0131 oran\u0131m\u0131z var<\/strong><\/p>\n<p class=\"ds-markdown-paragraph\"><strong>Stresten b\u0131kt\u0131n\u0131z m\u0131?<\/strong>\u00a0\u00d6yleyse bu sefer iyi niyetle yetinmeyin ve harekete ge\u00e7in.<br \/>\nLazer tedavimizle \u00e7ok b\u00fcy\u00fck ba\u015far\u0131lar elde ediyoruz. M\u00fc\u015fteri yorumlar\u0131 (referanslar) sayfam\u0131za bir g\u00f6z at\u0131n, orada m\u00fc\u015fterilerimizin ifadelerini ve baz\u0131 foto\u011fraflar\u0131n\u0131 bulacaks\u0131n\u0131z.<\/p>\n<p class=\"ds-markdown-paragraph\">Herkes bunu konu\u015fuyor: Tedavimiz, [stresle ba\u015fa \u00e7\u0131kmak] i\u00e7in en iyi ve en g\u00fcvenli yoldur. M\u00fc\u015fterilerimiz Almanya&#8217;n\u0131n her yerinden ve hatta yurtd\u0131\u015f\u0131ndan geliyor.<\/p>\n<p class=\"ds-markdown-paragraph\"><strong>TEDAV\u0130 MERKEZ\u0130 &#8211; SA\u011eLIKLI B\u0130R KARAR !!!<\/strong><\/p>\n","protected":false},"excerpt":{"rendered":"<p>Bu tedavi ile harika bir karar verdiniz. Bu, k\u0131sa vadeli ba\u015far\u0131 i\u00e7in en iyi ve en ba\u015far\u0131l\u0131 y\u00f6ntemdir. Bu tedaviden sonra de\u011fi\u015fimi fark edeceksiniz. Randevu almak i\u00e7in her zaman yan\u0131n\u0131zday\u0131z, \u00e7al\u0131\u015fanlar i\u00e7in hafta sonlar\u0131 ve resmi tatillerde de a\u00e7\u0131\u011f\u0131z. Tedavi yakla\u015f\u0131k 15 ila 30 dakika s\u00fcrer. Kesinlikle a\u011fr\u0131s\u0131z Sinirlilik yok Sald\u0131rganl\u0131k yok Uzun bekleme s\u00fcreleri &hellip; <a href=\"https:\/\/www.behandlungcenter.com\/tr\/stres-tedavisi\/\" class=\"more-link\">Continue reading<span class=\"screen-reader-text\"> &#8220;Stres Tedavisi&#8221;<\/span><\/a><\/p>\n","protected":false},"author":2,"featured_media":0,"parent":0,"menu_order":0,"comment_status":"open","ping_status":"closed","template":"","meta":{"footnotes":""},"class_list":["post-6310","page","type-page","status-publish","hentry"],"_links":{"self":[{"href":"https:\/\/www.behandlungcenter.com\/tr\/wp-json\/wp\/v2\/pages\/6310","targetHints":{"allow":["GET"]}}],"collection":[{"href":"https:\/\/www.behandlungcenter.com\/tr\/wp-json\/wp\/v2\/pages"}],"about":[{"href":"https:\/\/www.behandlungcenter.com\/tr\/wp-json\/wp\/v2\/types\/page"}],"author":[{"embeddable":true,"href":"https:\/\/www.behandlungcenter.com\/tr\/wp-json\/wp\/v2\/users\/2"}],"replies":[{"embeddable":true,"href":"https:\/\/www.behandlungcenter.com\/tr\/wp-json\/wp\/v2\/comments?post=6310"}],"version-history":[{"count":6,"href":"https:\/\/www.behandlungcenter.com\/tr\/wp-json\/wp\/v2\/pages\/6310\/revisions"}],"predecessor-version":[{"id":7151,"href":"https:\/\/www.behandlungcenter.com\/tr\/wp-json\/wp\/v2\/pages\/6310\/revisions\/7151"}],"wp:attachment":[{"href":"https:\/\/www.behandlungcenter.com\/tr\/wp-json\/wp\/v2\/media?parent=6310"}],"curies":[{"name":"wp","href":"https:\/\/api.w.org\/{rel}","templated":true}]}}