{"id":6312,"date":"2018-10-23T16:08:04","date_gmt":"2018-10-23T13:08:04","guid":{"rendered":"https:\/\/www.behandlungcenter.com\/?page_id=6312"},"modified":"2025-08-20T10:50:54","modified_gmt":"2025-08-20T16:50:54","slug":"kilo-tedavisi","status":"publish","type":"page","link":"https:\/\/www.behandlungcenter.com\/tr\/kilo-tedavisi\/","title":{"rendered":"Kilo Tedavisi"},"content":{"rendered":"<p><img loading=\"lazy\" decoding=\"async\" class=\"alignnone size-large wp-image-6385\" src=\"https:\/\/www.behandlungcenter.com\/tr\/wp-content\/uploads\/2018\/10\/Kilo-Tedavisi-4-1024x320.jpg\" alt=\"\" width=\"840\" height=\"263\" srcset=\"https:\/\/www.behandlungcenter.com\/tr\/wp-content\/uploads\/2018\/10\/Kilo-Tedavisi-4-1024x320.jpg 1024w, https:\/\/www.behandlungcenter.com\/tr\/wp-content\/uploads\/2018\/10\/Kilo-Tedavisi-4-300x94.jpg 300w, https:\/\/www.behandlungcenter.com\/tr\/wp-content\/uploads\/2018\/10\/Kilo-Tedavisi-4-600x188.jpg 600w, https:\/\/www.behandlungcenter.com\/tr\/wp-content\/uploads\/2018\/10\/Kilo-Tedavisi-4.jpg 1920w\" sizes=\"auto, (max-width: 709px) 85vw, (max-width: 909px) 67vw, (max-width: 1362px) 62vw, 840px\" \/><\/p>\n<p>Bu tedavi y\u00f6ntemiyle i\u015ftah\u0131n\u0131z\u0131 ve stresinizi azaltarak kal\u0131c\u0131 olarak kilolar\u0131n\u0131zdan kurtulabilirsiniz tedavi ki\u015fiye ve kilosuna g\u00f6re 1 ile 10 seans aras\u0131nda de\u011fi\u015fiklik g\u00f6sterebilir bizim y\u00f6ntemimizle verdi\u011finiz kilolar\u0131n\u0131z\u0131 koruyabilir v\u00fccuttan at\u0131lan ya\u011flar\u0131n yeniden olu\u015fmas\u0131n\u0131 engelleyebilirsiniz.<\/p>\n<div>\n<h4><strong>Fazla Kilonun Zararlar\u0131<\/strong><\/h4>\n<\/div>\n<p><strong>D\u0130YABET:\u00a0<\/strong>Bu hastal\u0131\u011fa yakalanm\u0131\u015f bireyinin % 20\u2019sinden fazlas\u0131, a\u015f\u0131r\u0131 kilolar\u0131n\u0131n etkisiyle diyabete yakaland\u0131\u011f\u0131n\u0131n bilincinde de\u011fildir. D\u00fczensiz ve a\u015f\u0131r\u0131 yeme sonucunda olu\u015fan ens\u00fclin seviyesindeki anormallikler, bu durumun arkas\u0131ndaki ba\u015f fakt\u00f6rd\u00fcr. Diyabet, d\u00fcnyada en s\u0131k g\u00f6r\u00fclen \u00f6l\u00fcm sebeplerinden 1\u2019idir.<\/p>\n<p><strong>SAFRAKESES\u0130 TA\u015eI:<\/strong>\u00a0A\u015f\u0131r\u0131 kilolu orta ya\u015fl\u0131 kad\u0131nlar, bu sorunla \u00f6zellikle kar\u015f\u0131la\u015f\u0131rlar. Ta\u015f olu\u015fturmu\u015f safrakesesi, patlamadan al\u0131nmal\u0131d\u0131r. \u00c7\u00fcnk\u00fc ta\u015flar, safrakesesi kanal\u0131n\u0131 t\u0131kayabilir ve safrakesesinin patlamas\u0131na ve bu yolla \u00f6l\u00fcme neden olabilir.<\/p>\n<p><strong>EKLEM \u0130LT\u0130HABI:<\/strong>\u00a0Fazla kilonun eklemlere a\u015f\u0131r\u0131 y\u00fcklenmesi, eklem iltihab\u0131n\u0131n ba\u015f sebebidir. \u0130ltihab\u0131n neden oldu\u011fu a\u011fr\u0131lar yava\u015f artt\u0131\u011f\u0131ndan, ki\u015fi diyet tedavisini geciktirebilir. Sonu\u00e7ta ka\u00e7\u0131n\u0131lmaz olan, ameliyat yoluyla ekleme m\u00fcdahale edilir.<\/p>\n<p><strong>KARAC\u0130\u011eERDE YA\u011eLANMA:\u00a0<\/strong>Karaci\u011fere ya\u011f dokusu kar\u0131\u015fmas\u0131, a\u015f\u0131r\u0131 ya\u011f depolanmas\u0131yla olu\u015fur. Ya\u011f depolanmas\u0131 sonucunda karaci\u011fer b\u00fcy\u00fcr, solukla\u015f\u0131r ve d\u00fczle\u015fir. H\u00fccreler ya\u011f dokusuyla bozulur ve normal karaci\u011fer yap\u0131s\u0131 ancak mikroskopla ay\u0131rt edilebilir hale gelir.<\/p>\n<p><strong>KALP KR\u0130Z\u0130:<\/strong>\u00a0A\u015f\u0131r\u0131 kilo, kalp krizi i\u00e7in ciddi bir risk fakt\u00f6r\u00fcd\u00fcr. Kriz \u00f6l\u00fcme neden olmu\u015fsa, otopsi sonucunda kalp kaslar\u0131n\u0131n zarar g\u00f6rm\u00fc\u015f k\u0131s\u0131mlar\u0131n\u0131n kans\u0131z ve renksiz oldu\u011fu g\u00f6r\u00fcl\u00fcr. Kalp krizi ge\u00e7irenlerin d\u00f6rtte biri, hastaneye yeti\u015ftirilemeden hayat\u0131n\u0131 kaybetmektedir.<\/p>\n<p><strong>FEL\u00c7:<\/strong>\u00a0Beyindeki kanama veya t\u0131kanma sonucu olu\u015fur. A\u015f\u0131r\u0131 \u015fi\u015fmanl\u0131k, bu vakalarda art\u0131\u015f sebebidir. Damarlardaki t\u0131kanma felce neden oldu\u011fu gibi hipertansiyon ve p\u0131ht\u0131la\u015fma da yaratabilir. Bu vakalar \u00f6nde gelen ani \u00f6l\u00fcm sebepleridir.<\/p>\n<p><strong>Y\u00dcKSEK TANS\u0130YON VE B\u00d6BREK:<\/strong>\u00a0A\u015f\u0131r\u0131 \u015fi\u015fmanl\u0131k ve diyabetle g\u00f6r\u00fclen y\u00fcksek kan bas\u0131nc\u0131, \u00e7ok ciddi b\u00f6brek rahats\u0131zl\u0131klar\u0131na sebep olabilir. B\u00f6brek, yaral\u0131 ve buru\u015fuk bir g\u00f6r\u00fcn\u00fcm al\u0131r. \u0130lk a\u015famada b\u00f6brekteki anormallikler az belirti g\u00f6sterse de, hastal\u0131k ilerledik\u00e7e b\u00f6bre\u011fin \u00e7al\u0131\u015fmas\u0131 durur ve bu durum, ki\u015finin hayat\u0131n\u0131 kaybetmesine sebep olabilir.<\/p>\n<p><strong>DAMAR TIKANIKLI\u011eI:\u00a0<\/strong>A\u015f\u0131r\u0131 \u015fi\u015fmanl\u0131k (obesite), damar sertli\u011fine ve damar duvarlar\u0131n\u0131n yava\u015f yava\u015f kolesterolle kaplan\u0131p elastikiyetini kaybetmesine ve kan dola\u015f\u0131m\u0131 d\u00fczeninde aksakl\u0131klara yol a\u00e7ar. Damarlardaki sertle\u015fme, damar duvarlar\u0131nda da\u011f\u0131lm\u0131\u015f sar\u0131 tabakalarla belli olur. Rahats\u0131zl\u0131k \u00e7ocukluktan ba\u015flar, kalp krizi ve felce sebep olur.<\/p>\n<p>Randevular sizin i\u00e7in uygun saatlerde ve \u00f6zellikle \u00e7al\u0131\u015fanlar i\u00e7in hafta sonlar\u0131 ve tatillerde olmak \u00fczere randevu alabilirsiniz.<\/p>\n<ul>\n<li style=\"list-style-type: none;\">\n<ul>\n<li><strong>Tedavi yakla\u015f\u0131k 30 ile 40 dakikad\u0131r<\/strong><\/li>\n<\/ul>\n<\/li>\n<\/ul>\n<ul>\n<li style=\"list-style-type: none;\">\n<ul>\n<li><strong>Tamamen a\u011fr\u0131s\u0131zd\u0131r<\/strong><\/li>\n<\/ul>\n<\/li>\n<\/ul>\n<ul>\n<li style=\"list-style-type: none;\">\n<ul>\n<li><strong>Hi\u00e7bir yan etkisi yoktur<\/strong><\/li>\n<\/ul>\n<\/li>\n<\/ul>\n<ul>\n<li style=\"list-style-type: none;\">\n<ul>\n<li><strong>Randevular k\u0131sa s\u00fcrede yap\u0131labilirsiniz<\/strong><\/li>\n<\/ul>\n<\/li>\n<\/ul>\n<h4><strong>Tedavi Merkezimizi tercih etmeniz Sa\u011fl\u0131kl\u0131 bir karard\u0131r !!!<\/strong><\/h4>\n","protected":false},"excerpt":{"rendered":"<p>Bu tedavi y\u00f6ntemiyle i\u015ftah\u0131n\u0131z\u0131 ve stresinizi azaltarak kal\u0131c\u0131 olarak kilolar\u0131n\u0131zdan kurtulabilirsiniz tedavi ki\u015fiye ve kilosuna g\u00f6re 1 ile 10 seans aras\u0131nda de\u011fi\u015fiklik g\u00f6sterebilir bizim y\u00f6ntemimizle verdi\u011finiz kilolar\u0131n\u0131z\u0131 koruyabilir v\u00fccuttan at\u0131lan ya\u011flar\u0131n yeniden olu\u015fmas\u0131n\u0131 engelleyebilirsiniz. Fazla Kilonun Zararlar\u0131 D\u0130YABET:\u00a0Bu hastal\u0131\u011fa yakalanm\u0131\u015f bireyinin % 20\u2019sinden fazlas\u0131, a\u015f\u0131r\u0131 kilolar\u0131n\u0131n etkisiyle diyabete yakaland\u0131\u011f\u0131n\u0131n bilincinde de\u011fildir. D\u00fczensiz ve a\u015f\u0131r\u0131 yeme &hellip; <a href=\"https:\/\/www.behandlungcenter.com\/tr\/kilo-tedavisi\/\" class=\"more-link\">Continue reading<span class=\"screen-reader-text\"> &#8220;Kilo Tedavisi&#8221;<\/span><\/a><\/p>\n","protected":false},"author":2,"featured_media":0,"parent":0,"menu_order":0,"comment_status":"open","ping_status":"closed","template":"","meta":{"footnotes":""},"class_list":["post-6312","page","type-page","status-publish","hentry"],"_links":{"self":[{"href":"https:\/\/www.behandlungcenter.com\/tr\/wp-json\/wp\/v2\/pages\/6312","targetHints":{"allow":["GET"]}}],"collection":[{"href":"https:\/\/www.behandlungcenter.com\/tr\/wp-json\/wp\/v2\/pages"}],"about":[{"href":"https:\/\/www.behandlungcenter.com\/tr\/wp-json\/wp\/v2\/types\/page"}],"author":[{"embeddable":true,"href":"https:\/\/www.behandlungcenter.com\/tr\/wp-json\/wp\/v2\/users\/2"}],"replies":[{"embeddable":true,"href":"https:\/\/www.behandlungcenter.com\/tr\/wp-json\/wp\/v2\/comments?post=6312"}],"version-history":[{"count":8,"href":"https:\/\/www.behandlungcenter.com\/tr\/wp-json\/wp\/v2\/pages\/6312\/revisions"}],"predecessor-version":[{"id":7153,"href":"https:\/\/www.behandlungcenter.com\/tr\/wp-json\/wp\/v2\/pages\/6312\/revisions\/7153"}],"wp:attachment":[{"href":"https:\/\/www.behandlungcenter.com\/tr\/wp-json\/wp\/v2\/media?parent=6312"}],"curies":[{"name":"wp","href":"https:\/\/api.w.org\/{rel}","templated":true}]}}