{"id":6631,"date":"2018-11-09T01:36:29","date_gmt":"2018-11-09T07:36:29","guid":{"rendered":"https:\/\/www.behandlungcenter.com\/?page_id=6631"},"modified":"2025-08-19T07:51:55","modified_gmt":"2025-08-19T13:51:55","slug":"video","status":"publish","type":"page","link":"https:\/\/www.behandlungcenter.com\/tr\/video\/","title":{"rendered":"Video"},"content":{"rendered":"\t\t<div data-elementor-type=\"wp-page\" data-elementor-id=\"6631\" class=\"elementor elementor-6631\">\n\t\t\t\t\t\t\t\t\t<section class=\"elementor-section elementor-top-section elementor-element elementor-element-5bbc7c7 elementor-section-boxed elementor-section-height-default elementor-section-height-default\" data-id=\"5bbc7c7\" data-element_type=\"section\">\n\t\t\t\t\t\t<div class=\"elementor-container elementor-column-gap-default\">\n\t\t\t\t\t<div class=\"elementor-column elementor-col-100 elementor-top-column elementor-element elementor-element-a3035e9\" data-id=\"a3035e9\" data-element_type=\"column\">\n\t\t\t<div class=\"elementor-widget-wrap elementor-element-populated\">\n\t\t\t\t\t\t\t\t<div class=\"elementor-element elementor-element-3f94772 elementor-grid-3 elementor-grid-tablet-2 elementor-grid-mobile-1 elementor-posts--thumbnail-top elementor-widget elementor-widget-posts\" data-id=\"3f94772\" data-element_type=\"widget\" data-settings=\"{&quot;classic_columns&quot;:&quot;3&quot;,&quot;classic_columns_tablet&quot;:&quot;2&quot;,&quot;classic_columns_mobile&quot;:&quot;1&quot;,&quot;classic_row_gap&quot;:{&quot;unit&quot;:&quot;px&quot;,&quot;size&quot;:35,&quot;sizes&quot;:[]},&quot;classic_row_gap_tablet&quot;:{&quot;unit&quot;:&quot;px&quot;,&quot;size&quot;:&quot;&quot;,&quot;sizes&quot;:[]},&quot;classic_row_gap_mobile&quot;:{&quot;unit&quot;:&quot;px&quot;,&quot;size&quot;:&quot;&quot;,&quot;sizes&quot;:[]}}\" data-widget_type=\"posts.classic\">\n\t\t\t\t<div class=\"elementor-widget-container\">\n\t\t\t<link rel=\"stylesheet\" href=\"https:\/\/www.behandlungcenter.com\/tr\/wp-content\/plugins\/elementor-pro\/assets\/css\/widget-posts.min.css\">\t\t<div class=\"elementor-posts-container elementor-posts elementor-posts--skin-classic elementor-grid\">\n\t\t\t\t<article class=\"elementor-post elementor-grid-item post-7182 post type-post status-publish format-standard has-post-thumbnail hentry category-hasta-yorumlari category-video tag-sedat-celik-sigara-tedavisi tag-sigara-tedavisi-yorumlari\">\n\t\t\t\t<a class=\"elementor-post__thumbnail__link\" href=\"https:\/\/www.behandlungcenter.com\/tr\/nazim-sahin-sigara-tedavisi-yorumu-turkce-sedat-celik-tedavi-merkezi\/\" >\n\t\t\t<div class=\"elementor-post__thumbnail\"><img loading=\"lazy\" decoding=\"async\" width=\"300\" height=\"156\" src=\"https:\/\/www.behandlungcenter.com\/tr\/wp-content\/uploads\/2025\/12\/sigara-tedavisi-yorumu-nazim-sahin-300x156.jpg\" class=\"attachment-medium size-medium wp-image-7183\" alt=\"\" srcset=\"https:\/\/www.behandlungcenter.com\/tr\/wp-content\/uploads\/2025\/12\/sigara-tedavisi-yorumu-nazim-sahin-300x156.jpg 300w, https:\/\/www.behandlungcenter.com\/tr\/wp-content\/uploads\/2025\/12\/sigara-tedavisi-yorumu-nazim-sahin-1024x532.jpg 1024w, https:\/\/www.behandlungcenter.com\/tr\/wp-content\/uploads\/2025\/12\/sigara-tedavisi-yorumu-nazim-sahin-768x399.jpg 768w, https:\/\/www.behandlungcenter.com\/tr\/wp-content\/uploads\/2025\/12\/sigara-tedavisi-yorumu-nazim-sahin.jpg 1102w\" sizes=\"auto, (max-width: 300px) 85vw, 300px\" \/><\/div>\n\t\t<\/a>\n\t\t\t\t<div class=\"elementor-post__text\">\n\t\t\t\t<h3 class=\"elementor-post__title\">\n\t\t\t<a href=\"https:\/\/www.behandlungcenter.com\/tr\/nazim-sahin-sigara-tedavisi-yorumu-turkce-sedat-celik-tedavi-merkezi\/\" >\n\t\t\t\tNaz\u0131m \u015eahin Sigara Tedavisi Yorumu (T\u00fcrk\u00e7e) Sedat \u00c7elik Tedavi Merkezi\t\t\t<\/a>\n\t\t<\/h3>\n\t\t\t\t<\/div>\n\t\t\t\t<\/article>\n\t\t\t\t<article class=\"elementor-post elementor-grid-item post-6826 post type-post status-publish format-video has-post-thumbnail hentry category-hasta-yorumlari category-video tag-alkoholsucht-behandlung tag-neuanfang tag-sedat-celik-behandlung-zentrum tag-sucht-behandlung post_format-post-format-video\">\n\t\t\t\t<a class=\"elementor-post__thumbnail__link\" href=\"https:\/\/www.behandlungcenter.com\/tr\/fatih-bostan-drogensucht-alkoholsuch-behandlung-deutsch\/\" >\n\t\t\t<div class=\"elementor-post__thumbnail\"><img loading=\"lazy\" decoding=\"async\" width=\"300\" height=\"147\" src=\"https:\/\/www.behandlungcenter.com\/tr\/wp-content\/uploads\/2025\/07\/alkoholsucht-behandlung-300x147.jpg\" class=\"attachment-medium size-medium wp-image-6828\" alt=\"\" srcset=\"https:\/\/www.behandlungcenter.com\/tr\/wp-content\/uploads\/2025\/07\/alkoholsucht-behandlung-300x147.jpg 300w, https:\/\/www.behandlungcenter.com\/tr\/wp-content\/uploads\/2025\/07\/alkoholsucht-behandlung-600x295.jpg 600w, https:\/\/www.behandlungcenter.com\/tr\/wp-content\/uploads\/2025\/07\/alkoholsucht-behandlung.jpg 639w\" sizes=\"auto, (max-width: 300px) 85vw, 300px\" \/><\/div>\n\t\t<\/a>\n\t\t\t\t<div class=\"elementor-post__text\">\n\t\t\t\t<h3 class=\"elementor-post__title\">\n\t\t\t<a href=\"https:\/\/www.behandlungcenter.com\/tr\/fatih-bostan-drogensucht-alkoholsuch-behandlung-deutsch\/\" >\n\t\t\t\tFatih Bostan | Drogensucht Alkoholsucht Behandlung (Deutsch)\t\t\t<\/a>\n\t\t<\/h3>\n\t\t\t\t<\/div>\n\t\t\t\t<\/article>\n\t\t\t\t<article class=\"elementor-post elementor-grid-item post-6818 post type-post status-publish format-video has-post-thumbnail hentry category-hasta-yorumlari category-video tag-raucherentwohnung-behandlung-deutschland tag-sedat-celik-behandlung-center post_format-post-format-video\">\n\t\t\t\t<a class=\"elementor-post__thumbnail__link\" href=\"https:\/\/www.behandlungcenter.com\/tr\/flaviana-durakovich-raucherentwohnung-deutsch\/\" >\n\t\t\t<div class=\"elementor-post__thumbnail\"><img loading=\"lazy\" decoding=\"async\" width=\"300\" height=\"150\" src=\"https:\/\/www.behandlungcenter.com\/tr\/wp-content\/uploads\/2025\/07\/sedat-celik-raucherentwohnung-behandlung-bewertungen-300x150.jpg\" class=\"attachment-medium size-medium wp-image-6822\" alt=\"\" srcset=\"https:\/\/www.behandlungcenter.com\/tr\/wp-content\/uploads\/2025\/07\/sedat-celik-raucherentwohnung-behandlung-bewertungen-300x150.jpg 300w, https:\/\/www.behandlungcenter.com\/tr\/wp-content\/uploads\/2025\/07\/sedat-celik-raucherentwohnung-behandlung-bewertungen-600x299.jpg 600w, https:\/\/www.behandlungcenter.com\/tr\/wp-content\/uploads\/2025\/07\/sedat-celik-raucherentwohnung-behandlung-bewertungen.jpg 638w\" sizes=\"auto, (max-width: 300px) 85vw, 300px\" \/><\/div>\n\t\t<\/a>\n\t\t\t\t<div class=\"elementor-post__text\">\n\t\t\t\t<h3 class=\"elementor-post__title\">\n\t\t\t<a href=\"https:\/\/www.behandlungcenter.com\/tr\/flaviana-durakovich-raucherentwohnung-deutsch\/\" >\n\t\t\t\tFlaviana Durakovich-Raucherentw\u00f6hnung (Deutsch)\t\t\t<\/a>\n\t\t<\/h3>\n\t\t\t\t<\/div>\n\t\t\t\t<\/article>\n\t\t\t\t<article class=\"elementor-post elementor-grid-item post-6811 post type-post status-publish format-video has-post-thumbnail hentry category-video tag-sedat-celik-tedavi-merkezi tag-sigara-bagimliligi-tedavisi tag-sigara-birakma-tedavisi post_format-post-format-video\">\n\t\t\t\t<a class=\"elementor-post__thumbnail__link\" href=\"https:\/\/www.behandlungcenter.com\/tr\/suna-tezcan-sigara-tedavisiturkce\/\" >\n\t\t\t<div class=\"elementor-post__thumbnail\"><img loading=\"lazy\" decoding=\"async\" width=\"300\" height=\"168\" src=\"https:\/\/www.behandlungcenter.com\/tr\/wp-content\/uploads\/2025\/02\/sigara-b\u0131rakma-tedavisi-yorumlar\u0131-300x168.jpg\" class=\"attachment-medium size-medium wp-image-6813\" alt=\"\" srcset=\"https:\/\/www.behandlungcenter.com\/tr\/wp-content\/uploads\/2025\/02\/sigara-b\u0131rakma-tedavisi-yorumlar\u0131-300x168.jpg 300w, https:\/\/www.behandlungcenter.com\/tr\/wp-content\/uploads\/2025\/02\/sigara-b\u0131rakma-tedavisi-yorumlar\u0131-600x337.jpg 600w, https:\/\/www.behandlungcenter.com\/tr\/wp-content\/uploads\/2025\/02\/sigara-b\u0131rakma-tedavisi-yorumlar\u0131.jpg 636w\" sizes=\"auto, (max-width: 300px) 85vw, 300px\" \/><\/div>\n\t\t<\/a>\n\t\t\t\t<div class=\"elementor-post__text\">\n\t\t\t\t<h3 class=\"elementor-post__title\">\n\t\t\t<a href=\"https:\/\/www.behandlungcenter.com\/tr\/suna-tezcan-sigara-tedavisiturkce\/\" >\n\t\t\t\tSuna Tezcan Sigara Tedavisi(T\u00fcrk\u00e7e)\t\t\t<\/a>\n\t\t<\/h3>\n\t\t\t\t<\/div>\n\t\t\t\t<\/article>\n\t\t\t\t<article class=\"elementor-post elementor-grid-item post-6806 post type-post status-publish format-video has-post-thumbnail hentry category-video tag-sigara-bagimliligi-tedavisi tag-sigara-tedavisi tag-sigara-tedavisi-koln post_format-post-format-video\">\n\t\t\t\t<a class=\"elementor-post__thumbnail__link\" href=\"https:\/\/www.behandlungcenter.com\/tr\/volkan-macit-sigara-tedavisi-koln-turkce\/\" >\n\t\t\t<div class=\"elementor-post__thumbnail\"><img loading=\"lazy\" decoding=\"async\" width=\"300\" height=\"169\" src=\"https:\/\/www.behandlungcenter.com\/tr\/wp-content\/uploads\/2025\/02\/volkan-macit-sigara-tedavisi-k\u00f6ln-300x169.jpg\" class=\"attachment-medium size-medium wp-image-6808\" alt=\"\" srcset=\"https:\/\/www.behandlungcenter.com\/tr\/wp-content\/uploads\/2025\/02\/volkan-macit-sigara-tedavisi-k\u00f6ln-300x169.jpg 300w, https:\/\/www.behandlungcenter.com\/tr\/wp-content\/uploads\/2025\/02\/volkan-macit-sigara-tedavisi-k\u00f6ln-600x338.jpg 600w, https:\/\/www.behandlungcenter.com\/tr\/wp-content\/uploads\/2025\/02\/volkan-macit-sigara-tedavisi-k\u00f6ln.jpg 638w\" sizes=\"auto, (max-width: 300px) 85vw, 300px\" \/><\/div>\n\t\t<\/a>\n\t\t\t\t<div class=\"elementor-post__text\">\n\t\t\t\t<h3 class=\"elementor-post__title\">\n\t\t\t<a href=\"https:\/\/www.behandlungcenter.com\/tr\/volkan-macit-sigara-tedavisi-koln-turkce\/\" >\n\t\t\t\tVolkan Macit Sigara Tedavisi-K\u00f6ln (T\u00fcrk\u00e7e)\t\t\t<\/a>\n\t\t<\/h3>\n\t\t\t\t<\/div>\n\t\t\t\t<\/article>\n\t\t\t\t<article class=\"elementor-post elementor-grid-item post-6801 post type-post status-publish format-video has-post-thumbnail hentry category-hasta-yorumlari category-video tag-behandlung-center tag-drogensucht-behandlung tag-sedat-celik-behandlung-center post_format-post-format-video\">\n\t\t\t\t<a class=\"elementor-post__thumbnail__link\" href=\"https:\/\/www.behandlungcenter.com\/tr\/sebastian-hollein-drogensucht-behandlung-ahlen-deutsch\/\" >\n\t\t\t<div class=\"elementor-post__thumbnail\"><img loading=\"lazy\" decoding=\"async\" width=\"300\" height=\"168\" src=\"https:\/\/www.behandlungcenter.com\/tr\/wp-content\/uploads\/2024\/12\/drogensucht-behandlung-ahlen-300x168.png\" class=\"attachment-medium size-medium wp-image-6803\" alt=\"\" srcset=\"https:\/\/www.behandlungcenter.com\/tr\/wp-content\/uploads\/2024\/12\/drogensucht-behandlung-ahlen-300x168.png 300w, https:\/\/www.behandlungcenter.com\/tr\/wp-content\/uploads\/2024\/12\/drogensucht-behandlung-ahlen-600x336.png 600w, https:\/\/www.behandlungcenter.com\/tr\/wp-content\/uploads\/2024\/12\/drogensucht-behandlung-ahlen.png 638w\" sizes=\"auto, (max-width: 300px) 85vw, 300px\" \/><\/div>\n\t\t<\/a>\n\t\t\t\t<div class=\"elementor-post__text\">\n\t\t\t\t<h3 class=\"elementor-post__title\">\n\t\t\t<a href=\"https:\/\/www.behandlungcenter.com\/tr\/sebastian-hollein-drogensucht-behandlung-ahlen-deutsch\/\" >\n\t\t\t\tSebastian Hollein Drogensucht Behandlung Ahlen (Deutsch)\t\t\t<\/a>\n\t\t<\/h3>\n\t\t\t\t<\/div>\n\t\t\t\t<\/article>\n\t\t\t\t<article class=\"elementor-post elementor-grid-item post-6782 post type-post status-publish format-video has-post-thumbnail hentry category-video post_format-post-format-video\">\n\t\t\t\t<a class=\"elementor-post__thumbnail__link\" href=\"https:\/\/www.behandlungcenter.com\/tr\/gueler-aldan-sigara-tedavisi-hamburg\/\" >\n\t\t\t<div class=\"elementor-post__thumbnail\"><img loading=\"lazy\" decoding=\"async\" width=\"300\" height=\"167\" src=\"https:\/\/www.behandlungcenter.com\/tr\/wp-content\/uploads\/2024\/12\/sigara-b\u0131rakma-tedavisi-yorum-300x167.png\" class=\"attachment-medium size-medium wp-image-6792\" alt=\"\" srcset=\"https:\/\/www.behandlungcenter.com\/tr\/wp-content\/uploads\/2024\/12\/sigara-b\u0131rakma-tedavisi-yorum-300x167.png 300w, https:\/\/www.behandlungcenter.com\/tr\/wp-content\/uploads\/2024\/12\/sigara-b\u0131rakma-tedavisi-yorum-600x335.png 600w, https:\/\/www.behandlungcenter.com\/tr\/wp-content\/uploads\/2024\/12\/sigara-b\u0131rakma-tedavisi-yorum.png 640w\" sizes=\"auto, (max-width: 300px) 85vw, 300px\" \/><\/div>\n\t\t<\/a>\n\t\t\t\t<div class=\"elementor-post__text\">\n\t\t\t\t<h3 class=\"elementor-post__title\">\n\t\t\t<a href=\"https:\/\/www.behandlungcenter.com\/tr\/gueler-aldan-sigara-tedavisi-hamburg\/\" >\n\t\t\t\tG\u00fcler Aldan Sigara Tedavisi Hamburg (T\u00fcrk\u00e7e)\t\t\t<\/a>\n\t\t<\/h3>\n\t\t\t\t<\/div>\n\t\t\t\t<\/article>\n\t\t\t\t<article class=\"elementor-post elementor-grid-item post-6772 post type-post status-publish format-video has-post-thumbnail hentry category-video post_format-post-format-video\">\n\t\t\t\t<a class=\"elementor-post__thumbnail__link\" href=\"https:\/\/www.behandlungcenter.com\/tr\/onur-baysal-raucherentwoehnung-aachen-deutsch\/\" >\n\t\t\t<div class=\"elementor-post__thumbnail\"><img loading=\"lazy\" decoding=\"async\" width=\"300\" height=\"167\" src=\"https:\/\/www.behandlungcenter.com\/tr\/wp-content\/uploads\/2024\/10\/raucherentwohnung-therapie-bewertungen-300x167.png\" class=\"attachment-medium size-medium wp-image-6793\" alt=\"\" srcset=\"https:\/\/www.behandlungcenter.com\/tr\/wp-content\/uploads\/2024\/10\/raucherentwohnung-therapie-bewertungen-300x167.png 300w, https:\/\/www.behandlungcenter.com\/tr\/wp-content\/uploads\/2024\/10\/raucherentwohnung-therapie-bewertungen-600x334.png 600w, https:\/\/www.behandlungcenter.com\/tr\/wp-content\/uploads\/2024\/10\/raucherentwohnung-therapie-bewertungen.png 638w\" sizes=\"auto, (max-width: 300px) 85vw, 300px\" \/><\/div>\n\t\t<\/a>\n\t\t\t\t<div class=\"elementor-post__text\">\n\t\t\t\t<h3 class=\"elementor-post__title\">\n\t\t\t<a href=\"https:\/\/www.behandlungcenter.com\/tr\/onur-baysal-raucherentwoehnung-aachen-deutsch\/\" >\n\t\t\t\tOnur Baysal\u00a0Raucherentw\u00f6hnung Aachen (Deutsch)\t\t\t<\/a>\n\t\t<\/h3>\n\t\t\t\t<\/div>\n\t\t\t\t<\/article>\n\t\t\t\t<article class=\"elementor-post elementor-grid-item post-6768 post type-post status-publish format-video has-post-thumbnail hentry category-video post_format-post-format-video\">\n\t\t\t\t<a class=\"elementor-post__thumbnail__link\" href=\"https:\/\/www.behandlungcenter.com\/tr\/tekin-yucekoy-alkol-tedavisi-allendorf\/\" >\n\t\t\t<div class=\"elementor-post__thumbnail\"><img loading=\"lazy\" decoding=\"async\" width=\"300\" height=\"169\" src=\"https:\/\/www.behandlungcenter.com\/tr\/wp-content\/uploads\/2024\/10\/alkol-tedavisi-allendorf-300x169.png\" class=\"attachment-medium size-medium wp-image-6796\" alt=\"\" srcset=\"https:\/\/www.behandlungcenter.com\/tr\/wp-content\/uploads\/2024\/10\/alkol-tedavisi-allendorf-300x169.png 300w, https:\/\/www.behandlungcenter.com\/tr\/wp-content\/uploads\/2024\/10\/alkol-tedavisi-allendorf-600x338.png 600w, https:\/\/www.behandlungcenter.com\/tr\/wp-content\/uploads\/2024\/10\/alkol-tedavisi-allendorf.png 638w\" sizes=\"auto, (max-width: 300px) 85vw, 300px\" \/><\/div>\n\t\t<\/a>\n\t\t\t\t<div class=\"elementor-post__text\">\n\t\t\t\t<h3 class=\"elementor-post__title\">\n\t\t\t<a href=\"https:\/\/www.behandlungcenter.com\/tr\/tekin-yucekoy-alkol-tedavisi-allendorf\/\" >\n\t\t\t\tTekin Yucekoy Alkol Tedavisi Allendorf (T\u00fcrk\u00e7e)\t\t\t<\/a>\n\t\t<\/h3>\n\t\t\t\t<\/div>\n\t\t\t\t<\/article>\n\t\t\t\t<article class=\"elementor-post elementor-grid-item post-6750 post type-post status-publish format-video hentry category-video post_format-post-format-video\">\n\t\t\t\t<div class=\"elementor-post__text\">\n\t\t\t\t<h3 class=\"elementor-post__title\">\n\t\t\t<a href=\"https:\/\/www.behandlungcenter.com\/tr\/murat-medikamentoese-behandlung-deutsch\/\" >\n\t\t\t\tMurat &#8211; Medikament\u00f6se Behandlung (Deutsch)\t\t\t<\/a>\n\t\t<\/h3>\n\t\t\t\t<\/div>\n\t\t\t\t<\/article>\n\t\t\t\t<article class=\"elementor-post elementor-grid-item post-6748 post type-post status-publish format-video hentry category-video post_format-post-format-video\">\n\t\t\t\t<div class=\"elementor-post__text\">\n\t\t\t\t<h3 class=\"elementor-post__title\">\n\t\t\t<a href=\"https:\/\/www.behandlungcenter.com\/tr\/murat-uyusturucu-tedavisi-tuerkce\/\" >\n\t\t\t\tMurat &#8211; Uyu\u015fturucu Tedavisi (T\u00fcrk\u00e7e)\t\t\t<\/a>\n\t\t<\/h3>\n\t\t\t\t<\/div>\n\t\t\t\t<\/article>\n\t\t\t\t<article class=\"elementor-post elementor-grid-item post-6739 post type-post status-publish format-video hentry category-video post_format-post-format-video\">\n\t\t\t\t<div class=\"elementor-post__text\">\n\t\t\t\t<h3 class=\"elementor-post__title\">\n\t\t\t<a href=\"https:\/\/www.behandlungcenter.com\/tr\/behandlung-center-bulgarca\/\" >\n\t\t\t\tBehandlung Center (Bulgarca)\t\t\t<\/a>\n\t\t<\/h3>\n\t\t\t\t<\/div>\n\t\t\t\t<\/article>\n\t\t\t\t<article class=\"elementor-post elementor-grid-item post-6738 post type-post status-publish format-video hentry category-video post_format-post-format-video\">\n\t\t\t\t<div class=\"elementor-post__text\">\n\t\t\t\t<h3 class=\"elementor-post__title\">\n\t\t\t<a href=\"https:\/\/www.behandlungcenter.com\/tr\/behandlung-center-tuerkce\/\" >\n\t\t\t\tBehandlung Center (T\u00fcrk\u00e7e)\t\t\t<\/a>\n\t\t<\/h3>\n\t\t\t\t<\/div>\n\t\t\t\t<\/article>\n\t\t\t\t<article class=\"elementor-post elementor-grid-item post-6737 post type-post status-publish format-video hentry category-video post_format-post-format-video\">\n\t\t\t\t<div class=\"elementor-post__text\">\n\t\t\t\t<h3 class=\"elementor-post__title\">\n\t\t\t<a href=\"https:\/\/www.behandlungcenter.com\/tr\/ali-sahin-tedavi-tuerkce\/\" >\n\t\t\t\tAli \u015eahin Tedavi (T\u00fcrk\u00e7e)\t\t\t<\/a>\n\t\t<\/h3>\n\t\t\t\t<\/div>\n\t\t\t\t<\/article>\n\t\t\t\t<\/div>\n\t\t\n\t\t\t\t<\/div>\n\t\t\t\t<\/div>\n\t\t\t\t\t<\/div>\n\t\t<\/div>\n\t\t\t\t\t\t\t<\/div>\n\t\t<\/section>\n\t\t\t\t\t\t\t<\/div>\n\t\t","protected":false},"excerpt":{"rendered":"","protected":false},"author":2,"featured_media":0,"parent":0,"menu_order":0,"comment_status":"closed","ping_status":"closed","template":"elementor_header_footer","meta":{"footnotes":""},"class_list":["post-6631","page","type-page","status-publish","hentry"],"_links":{"self":[{"href":"https:\/\/www.behandlungcenter.com\/tr\/wp-json\/wp\/v2\/pages\/6631","targetHints":{"allow":["GET"]}}],"collection":[{"href":"https:\/\/www.behandlungcenter.com\/tr\/wp-json\/wp\/v2\/pages"}],"about":[{"href":"https:\/\/www.behandlungcenter.com\/tr\/wp-json\/wp\/v2\/types\/page"}],"author":[{"embeddable":true,"href":"https:\/\/www.behandlungcenter.com\/tr\/wp-json\/wp\/v2\/users\/2"}],"replies":[{"embeddable":true,"href":"https:\/\/www.behandlungcenter.com\/tr\/wp-json\/wp\/v2\/comments?post=6631"}],"version-history":[{"count":17,"href":"https:\/\/www.behandlungcenter.com\/tr\/wp-json\/wp\/v2\/pages\/6631\/revisions"}],"predecessor-version":[{"id":7028,"href":"https:\/\/www.behandlungcenter.com\/tr\/wp-json\/wp\/v2\/pages\/6631\/revisions\/7028"}],"wp:attachment":[{"href":"https:\/\/www.behandlungcenter.com\/tr\/wp-json\/wp\/v2\/media?parent=6631"}],"curies":[{"name":"wp","href":"https:\/\/api.w.org\/{rel}","templated":true}]}}